{"id":1053,"date":"2023-03-20T20:23:08","date_gmt":"2023-03-20T20:23:08","guid":{"rendered":"https:\/\/capitalitaliane.lrc.columbia.edu\/?page_id=1053"},"modified":"2023-03-20T20:27:36","modified_gmt":"2023-03-20T20:27:36","slug":"letteratura","status":"publish","type":"page","link":"https:\/\/capitalitaliane.lrc.columbia.edu\/?page_id=1053","title":{"rendered":"Anna Maria Ortese"},"content":{"rendered":"\n<h4 class=\"wp-block-heading\">Biografia<\/h4>\n\n\n\n<p>Anna Maria Ortese nasce a Roma nel 1914. Tra il 1925 e il 1928 la famiglia si trasferisce in Libia, allora colonia italiana. Rientrata in Italia, si stabilisce a Napoli e ha una formazione quasi da autodidatta. Nel 1939 si trasferisce a Venezia e inizia a lavorare come redattrice e giornalista. Nel 1945 rientra a Napoli e collabora con giornali e riviste progressiste, tra cui \u201cSud\u201d. Nel 1953 si si trasferisce a Milano e pubblica \u201cIl mare non bagna Napoli\u201d. Nel 1954 viaggia in Russia con l\u2019Unione delle donne italiane. Lascia il PCI (Partito Comunista Italiano). Si trasferisce con la sorella Maria a Rapallo, in condizioni economiche e fisiche precarie. Grazie al sostegno di molti intellettuali, ottiene un vitalizio governativo e riprende a dedicarsi alla scrittura letteraria e giornalistica. Nel 1989 muore all\u2019ospedale di Rapallo: esce postuma l\u2019edizione definitiva del romanzo \u201cIl porto di Toledo\u201d.<\/p>\n\n\n\n<p>Se si guarda una carta geografica della Campania, sembra che il titolo dell\u2019opera pi\u00f9 famosa di Anna Maria Ortese \u201cIl mare non bagna Napoli\u201d sia sbagliato. Napoli, infatti, si affaccia su un grande golfo. Se per\u00f2 si entra nei quartieri del centro storico, lontano dal porto, il mare scompare dall\u2019orizzonte. \u201cQui [a Forcella] il mare non bagnava Napoli. Ero sicura che nessuno lo avesse visto\u201d. Il libro \u00e8 dedicato a questa citt\u00e0 nascosta. Il libro esce nel 1953 pubblicato dalla casa editrice Einaudi. Il volume \u00e8 diviso in due parti:<\/p>\n\n\n\n<ul class=\"wp-block-list\">\n<li>Nella prima parte ci sono quattro racconti sul complesso mondo di Napoli<\/li>\n\n\n\n<li>Nella seconda parte, l\u2019autrice para della vita intellettuale della citt\u00e0<\/li>\n<\/ul>\n\n\n\n<p>Il romanzo non piace molto agli ex colleghi giornalisti dell\u2019autrice che riceve molte critiche. L\u2019autrice riconosce il fascino dei quartieri pi\u00f9 degradati e poveri di Napoli, ma non condivide la poetica del Neorealismo, che invece all\u2019epoca era considerata un mezzo utile ad analizzare la citt\u00e0 e a incoraggiare il progresso. Nei racconti, si vede il rapporto stretto di Ortese con Napoli, citt\u00e0 conosciuta da ragazza e trovata in condizioni molto difficili dopo la seconda guerra mondiale.<\/p>\n\n\n\n<h4 class=\"wp-block-heading\">Domande<\/h4>\n\n\n\n<ol class=\"wp-block-list\">\n<li>Che cosa significa il titolo \u201cIl mare non bagna Napoli\u201d?<\/li>\n\n\n\n<li>Di quali zone di Napoli parla Ortese?<\/li>\n\n\n\n<li>Qual \u00e8 la condizione di Napoli dopo la seconda guerra mondiale?<\/li>\n<\/ol>\n","protected":false},"excerpt":{"rendered":"<p>Biografia Anna Maria Ortese nasce a Roma nel 1914. Tra il 1925 e il 1928 la famiglia si trasferisce in<\/p>\n","protected":false},"author":2,"featured_media":0,"parent":452,"menu_order":0,"comment_status":"closed","ping_status":"closed","template":"","meta":{"footnotes":""},"class_list":["post-1053","page","type-page","status-publish","hentry"],"_links":{"self":[{"href":"https:\/\/capitalitaliane.lrc.columbia.edu\/index.php?rest_route=\/wp\/v2\/pages\/1053","targetHints":{"allow":["GET"]}}],"collection":[{"href":"https:\/\/capitalitaliane.lrc.columbia.edu\/index.php?rest_route=\/wp\/v2\/pages"}],"about":[{"href":"https:\/\/capitalitaliane.lrc.columbia.edu\/index.php?rest_route=\/wp\/v2\/types\/page"}],"author":[{"embeddable":true,"href":"https:\/\/capitalitaliane.lrc.columbia.edu\/index.php?rest_route=\/wp\/v2\/users\/2"}],"replies":[{"embeddable":true,"href":"https:\/\/capitalitaliane.lrc.columbia.edu\/index.php?rest_route=%2Fwp%2Fv2%2Fcomments&post=1053"}],"version-history":[{"count":4,"href":"https:\/\/capitalitaliane.lrc.columbia.edu\/index.php?rest_route=\/wp\/v2\/pages\/1053\/revisions"}],"predecessor-version":[{"id":1060,"href":"https:\/\/capitalitaliane.lrc.columbia.edu\/index.php?rest_route=\/wp\/v2\/pages\/1053\/revisions\/1060"}],"up":[{"embeddable":true,"href":"https:\/\/capitalitaliane.lrc.columbia.edu\/index.php?rest_route=\/wp\/v2\/pages\/452"}],"wp:attachment":[{"href":"https:\/\/capitalitaliane.lrc.columbia.edu\/index.php?rest_route=%2Fwp%2Fv2%2Fmedia&parent=1053"}],"curies":[{"name":"wp","href":"https:\/\/api.w.org\/{rel}","templated":true}]}}