{"id":131,"date":"2021-08-30T21:01:51","date_gmt":"2021-08-30T21:01:51","guid":{"rendered":"https:\/\/capitalitaliane.lrc.columbia.edu\/?page_id=131"},"modified":"2022-09-13T14:44:42","modified_gmt":"2022-09-13T14:44:42","slug":"palermo-e-la-conca-doro","status":"publish","type":"page","link":"https:\/\/capitalitaliane.lrc.columbia.edu\/?page_id=131","title":{"rendered":"Palermo e la Conca d&#8217;oro"},"content":{"rendered":"\n<p>Palermo, capoluogo della Sicilia, si estende sulla costa nordoccidentale dell&#8217;isola, ai margini della Conca d&#8217;Oro, una fertile zona agricola coltivata prevalentemente ad agrumi, tra il Monte Pellegrino e il Capo Mongerbino. La Sicilia \u00e8 esposta al fresco vento di maestrale che soffia dalla Sardegna, ma anche allo scirocco che viene dall\u2019Africa e pu\u00f2 aumentare la temperatura di parecchi gradi (si possono superare i 20 \u00b0C in inverno, e toccare o superare i 40 \u00b0C in estate). Le nevicate sono alquanto rare, l\u2019ultima \u00e8 stata nel 2014, ma durano poche ore e la neve non si accumula perch\u00e9, come abbiamo detto, la temperatura \u00e8 quasi sempre sopra lo zero. In estate Palermo \u00e8 soleggiata e prevalgono i cieli sereni; in inverno periodi soleggiati si alternano a periodi di maltempo con nuvolosit\u00e0 e temporali. Le precipitazioni si concentrano generalmente nella stagione invernale e primaverile.<\/p>\n\n\n\n<p>Il porto di Palermo, uno dei pi\u00f9 importanti del Mediterraneo, giace in una profonda ed incantevole insenatura ed ha un notevole movimento sia di merci che di passeggeri.<\/p>\n\n\n\n<p>L&#8217;abitato era originariamente circondato da una cinta muraria che si estese gradualmente, soprattutto durante le dominazioni araba e normanna di epoca medievale. Successivamente, a partire dalla fine del tredicesimo secolo, gli Aragonesi fecero demolire molti vecchi edifici e crearono due lunghe arterie rettilinee che divisero la citt\u00e0 in 4, chiamati \u201cQuattro Canti \u201c. Durante il regno dei Borboni le mura, vennero ampliate maggiormente. Quando poi la Sicilia fu annessa all\u2019Italia, Palermo vide una notevole espansione edilizia. Un vero e proprio boom edilizio si ebbe tra gli anni 50 e 60 del ventesimo secolo, che estese di molto e in maniera dissennata lo spazio urbano e comport\u00f2 il sacrificio di splendidi palazzi di stile liberty, ragione per cui venne definito il \u201cSacco di Palermo\u201d.<\/p>\n\n\n\n<p>Dal punto di vista morfologico, il territorio di Palermo e della sua provincia \u00e8 alquanto vario perch\u00e9 \u00e8 costituio da un\u2019alternaza di rilievi montuosi e piaure costiere. La citt\u00e0 \u00e8 attraversata dal fiume Oreto e molti altri corsi d\u2019acqua scorrono nella provincia.<\/p>\n\n\n\n<ol class=\"wp-block-list\"><li>Dove si trova in Sicilia Palermo? A quali venti \u00e8 esposta la Sicilia? Che impatto hanno sulla temperatura?<\/li><li>E\u2019 tutto pianeggiante il territorio di Palermo e dintorni? Che cosa si coltiva nella Conca d\u2019Oro?<\/li><li>Che tipo di clima ha Palermo? Quando si hanno giornate soleggiate e quando nuvolosit\u00e0 e pioggia? Nevica spesso?<\/li><li>Che posto occupa il porto di Palermo nel Mediterraneo?<\/li><li>Esiste ancora la cinta muraria? Che cosa fecero costruire gli Aragonesi?<\/li><li>Quando ci fu a Palermo un boom edilizio? Che cosa venne sacrificato in questo periodo?<\/li><li>Ci sono corsi d\u2019acqua a Palermo e nella sua provincia?<\/li><\/ol>\n\n\n\n<p>Adesso ricordiamo il vocabolario concernente la geografia e il clima di Palermo, facendo quest&#8217;esercizio:<\/p>\n\n\n\n<p><code><div class=\"h5p-iframe-wrapper\"><iframe id=\"h5p-iframe-16\" class=\"h5p-iframe\" data-content-id=\"16\" style=\"height:1px\" src=\"about:blank\" frameBorder=\"0\" scrolling=\"no\" title=\"Palermo e la Conca d\u2019oro\"><\/iframe><\/div><\/code><\/p>\n\n\n\n<p>Ricerca e conversazione in coppie. Prima di conversare con il tuo\/la tua partner, devi fare un po\u2019 di ricerca sui vari quartieri di Palermo per poi poter chiacchierare e rispondere alle seguenti domande: Se tu decidessi di andare a Palermo, in quale stagione preferiresti andarci? Perch\u00e9? E in quale quartiere della citt\u00e0 vorresti alloggiare? Per quale ragione sceglieresti proprio quel quartiere? Dove si trova precisamente? Indicalo sulla mappa della citt\u00e0!<\/p>\n","protected":false},"excerpt":{"rendered":"<p>Palermo, capoluogo della Sicilia, si estende sulla costa nordoccidentale dell&#8217;isola, ai margini della Conca d&#8217;Oro, una fertile zona agricola coltivata<\/p>\n","protected":false},"author":2,"featured_media":0,"parent":694,"menu_order":0,"comment_status":"closed","ping_status":"closed","template":"","meta":{"footnotes":""},"class_list":["post-131","page","type-page","status-publish","hentry"],"_links":{"self":[{"href":"https:\/\/capitalitaliane.lrc.columbia.edu\/index.php?rest_route=\/wp\/v2\/pages\/131","targetHints":{"allow":["GET"]}}],"collection":[{"href":"https:\/\/capitalitaliane.lrc.columbia.edu\/index.php?rest_route=\/wp\/v2\/pages"}],"about":[{"href":"https:\/\/capitalitaliane.lrc.columbia.edu\/index.php?rest_route=\/wp\/v2\/types\/page"}],"author":[{"embeddable":true,"href":"https:\/\/capitalitaliane.lrc.columbia.edu\/index.php?rest_route=\/wp\/v2\/users\/2"}],"replies":[{"embeddable":true,"href":"https:\/\/capitalitaliane.lrc.columbia.edu\/index.php?rest_route=%2Fwp%2Fv2%2Fcomments&post=131"}],"version-history":[{"count":4,"href":"https:\/\/capitalitaliane.lrc.columbia.edu\/index.php?rest_route=\/wp\/v2\/pages\/131\/revisions"}],"predecessor-version":[{"id":982,"href":"https:\/\/capitalitaliane.lrc.columbia.edu\/index.php?rest_route=\/wp\/v2\/pages\/131\/revisions\/982"}],"up":[{"embeddable":true,"href":"https:\/\/capitalitaliane.lrc.columbia.edu\/index.php?rest_route=\/wp\/v2\/pages\/694"}],"wp:attachment":[{"href":"https:\/\/capitalitaliane.lrc.columbia.edu\/index.php?rest_route=%2Fwp%2Fv2%2Fmedia&parent=131"}],"curies":[{"name":"wp","href":"https:\/\/api.w.org\/{rel}","templated":true}]}}