{"id":133,"date":"2021-08-30T21:19:17","date_gmt":"2021-08-30T21:19:17","guid":{"rendered":"https:\/\/capitalitaliane.lrc.columbia.edu\/?page_id=133"},"modified":"2022-09-12T17:21:14","modified_gmt":"2022-09-12T17:21:14","slug":"dalla-fondazione-al-xx-secolo","status":"publish","type":"page","link":"https:\/\/capitalitaliane.lrc.columbia.edu\/?page_id=133","title":{"rendered":"Dalla fondazione al XX secolo"},"content":{"rendered":"\n<p><\/p>\n\n\n\n<h4 class=\"wp-block-heading\">Palermo Capitale italiana della Cultura 2018<\/h4>\n\n\n\n<p>Le ragioni per cui Palermo \u00e8 stata eletta Capitale Italiana della Cultura nel 2018 sono, anche se non in maniera esclusiva, di natura storica. Nel corso dei secoli questa citt\u00e0 ha dimostrato di poter superare gli ostacoli che si opponevano ad una convivenza pacifica di culture diverse. La citt\u00e0, infatti, \u00e8 il prodotto di secoli di dominazioni straniere e dimostrazione della capacit\u00e0 dei suoi abitanti di elaborare un\u2019identit\u00e0 sincretica e generare un originale e ibrido patrimonio culturale. Quella che segue \u00e8 una sintesi delle vicende storiche della citt\u00e0:<\/p>\n\n\n\n<div class=\"wp-block-cooltimeline-timeline-block\"><div class=\"ctl-instant-timeline block-1630419924561  both-sided\" style=\"--timeLineColor:#D91B3E;--textColor:#000;--titleSize:18px;--descriptionSize:14px;--timeSize:18px\"><div class=\"timeline-content\"><div class=\"ctl-row\"><div class=\"ctl-col-6\"><div class=\"story-time\"><div style=\"color:#000;font-size:18px\">VII Secolo a.C.<\/div><\/div><\/div><div class=\"ctl-col-6\"><div class=\"story-details\"><div class=\"story-image\"><\/div><h3 style=\"color:#000;font-size:18px;line-height:24.12px\"><\/h3><p style=\"color:#000;font-size:14px;line-height:24.22px\">Viene fondata dai Fenici con il nome Ziz (Fiore).<\/p><\/div><\/div><\/div><\/div><div class=\"timeline-content\"><div class=\"ctl-row\"><div class=\"ctl-col-6\"><div class=\"story-details\"><div class=\"story-image\"><\/div><h3 style=\"color:#000;font-size:18px;line-height:24.12px\"><\/h3><p style=\"color:#000;font-size:14px;line-height:24.22px\">Nel 254 comincia la conquista della citt\u00e0 da parte dei Romani e viene mantenuto il nome di Panormos (in greco tutto porto) che le avevano dato i greci.<\/p><\/div><\/div><div class=\"ctl-col-6\"><div class=\"story-time\"><div style=\"color:#000;font-size:18px\">III Secolo a.C.<\/div><\/div><\/div><\/div><\/div><div class=\"timeline-content\"><div class=\"ctl-row\"><div class=\"ctl-col-6\"><div class=\"story-time\"><div style=\"color:#000;font-size:18px\">VI Secolo d.C.<\/div><\/div><\/div><div class=\"ctl-col-6\"><div class=\"story-details\"><div class=\"story-image\"><\/div><h3 style=\"color:#000;font-size:18px;line-height:24.12px\"><\/h3><p style=\"color:#000;font-size:14px;line-height:24.22px\">Nel 535 Belisario, generale dell\u2019Impero Bizantino, occupa la Sicilia e l\u2019annette all\u2019impero, dando inizio ad una dominazione che durer\u00e0 tre secoli e che lascer\u00e0 un\u2019impronta sulla cultura della citt\u00e0.<\/p><\/div><\/div><\/div><\/div><div class=\"timeline-content\"><div class=\"ctl-row\"><div class=\"ctl-col-6\"><div class=\"story-details\"><div class=\"story-image\"><\/div><h3 style=\"color:#000;font-size:18px;line-height:24.12px\"><\/h3><p style=\"color:#000;font-size:14px;line-height:24.22px\">Nell\u2019831 gli arabi invadono la Sicilia e conquistano Palermo (Balarm in arabo) e ne fanno la capitale del loro regno. Nei due secoli di dominazione araba, a Palermo furono costruite pi\u00f9 di 300 moschee.<\/p><\/div><\/div><div class=\"ctl-col-6\"><div class=\"story-time\"><div style=\"color:#000;font-size:18px\">IX secolo d.C.<\/div><\/div><\/div><\/div><\/div><\/div><\/div>\n\n\n\n<p><strong>VII Secolo a.C.<\/strong>: Viene fondata dai Fenici con il nome Ziz (Fiore).<\/p>\n\n\n\n<p><strong>III Secolo a.C.<\/strong>: Nel 254 comincia la conquista della citt\u00e0 da parte dei Romani e viene mantenuto il nome di Panormos (in greco tutto porto) che le avevano dato i greci.<\/p>\n\n\n\n<p><strong>VI Secolo d.C.<\/strong>: Nel 535 Belisario, generale dell\u2019Impero Bizantino, occupa la Sicilia e l\u2019annette all\u2019impero, dando inizio ad una dominazione che durer\u00e0 tre secoli e che lascer\u00e0 un\u2019impronta sulla cultura della citt\u00e0.<\/p>\n\n\n\n<p><strong>IX secolo d.C.<\/strong>: Nell\u2019831 gli arabi invadono la Sicilia e conquistano Palermo (Balarm in arabo) e ne fanno la capitale del loro regno. Nei due secoli di dominazione araba, a Palermo furono costruite pi\u00f9 di 300 moschee.<\/p>\n\n\n\n<p><strong>XI Secolo d.C.<\/strong>: Nel 1072 i Normanni, attaccano la citt\u00e0. Il Re Ruggero riesce a portare sotto il suo controllo tutto il Sud della penisola e a farsi incoronare Re di Sicilia nel 1132. Re Ruggero permette e favorisce una convivenza pacifica tra i diversi gruppi etnici che popolano la citt\u00e0 e una loro \u201cdivisione del lavoro\u201d e dei loro quartieri di residenza: gli arabi rimasero nel quartiere della Kalsa, dove si erano stabiliti al tempo della dominazione araba), occupandosi di commercio; i latini risiedono nelle zone dell&#8217;Albergheria e i Greci attorno alla Cattedrale. Grazie alla politica illuminata del Re Ruggero II, la citt\u00e0 vive un periodo fiorentissimo sia nelle arti che nel commercio. La corte di Re Ruggero \u00e8 ammirata da tutti i sovrani occidentali<\/p>\n\n\n\n<p><strong>XII Secolo d.C.<\/strong>: nel 1194 Palermo viene conquistata dal sovrano tedesco Enrico VI, Imperatore del Sacro Romano Impero della dinastia degli Hohenstaufen. Inizia cos\u00ec in Sicilia una nuova epoca che raggiunge il massimo splendore con Federico II, figlio di Enrico VI e della normanna Costanza d\u2019Altavilla.<\/p>\n\n\n\n<p><strong>XIII-XV Secolo d.C.<\/strong>: Nel 1266 Manfredi, figlio di Federico II di Svevia viene sconfitto e ucciso da Carlo d\u2019Angi\u00f2, fratello del Re di Francia e la Sicilia diventa un regno angioino. Nel 1282 per\u00f2 Carlo, dopo una serie di rivolte contro il suo regno, lascia l\u2019isola e la Sicilia diventa dominio della Spagna aragonese. Gli aragonesi regneranno in Sicilia sino al 1510, anno della morte di Re Ferdinando II d\u2019Aragona.<\/p>\n\n\n\n<p><strong>XV-XX Secolo d.C.<\/strong>: Nel 1494, la Sicilia viene annessa alla Spagna e Palermo diventa sede dei Vicer\u00e9 spagnoli. In questo periodo in citt\u00e0 vengono eretti splendidi palazzi e cappelle gentilizie.<\/p>\n\n\n\n<p>Da qui in poi Palermo resta sotto sotto il dominio spagnolo, a parte qualche breve periodo in cui la citt\u00e0 pass\u00f2 sotto la dominazione dei Savoia (1713-1718) e Austriaca (1720-1735). Dopo il regno degli spagnoli Borboni, iniziato nel 1806, al quale pone fine Garibaldi con la spedizione dei Mille nel 1860, la Sicilia viene annessa al Regno d\u2019Italia. Nel primo ventennio del XX secolo Palermo vive un&#8217;epoca di grande crescita economica e di fioritura culturale, anche grazie a imprenditori illuminati (Florio, Ingham, Withaker).<\/p>\n\n\n\n<h4 class=\"wp-block-heading\">Esercizio<\/h4>\n\n\n\n<p><code><div class=\"h5p-iframe-wrapper\"><iframe id=\"h5p-iframe-15\" class=\"h5p-iframe\" data-content-id=\"15\" style=\"height:1px\" src=\"about:blank\" frameBorder=\"0\" scrolling=\"no\" title=\"Palermo storia: Dalla fondazione al XX secolo\"><\/iframe><\/div><\/code><\/p>\n\n\n\n<h4 class=\"wp-block-heading\">Video<\/h4>\n\n\n\n<p><em>Anche questo video riassume molto concisamente i momenti cruciali della storia della citt\u00e0 e mostra monumenti che riflettono il suo carattere multiculturale.<\/em><\/p>\n\n\n\n<figure class=\"wp-block-embed aligncenter is-type-video is-provider-youtube wp-block-embed-youtube wp-embed-aspect-16-9 wp-has-aspect-ratio\"><div class=\"wp-block-embed__wrapper\">\n<iframe loading=\"lazy\" title=\"Storia - Palermo: citt\u00e0 e Cappella palatina\" width=\"800\" height=\"450\" src=\"https:\/\/www.youtube.com\/embed\/hYLkle5DEaY?feature=oembed\" frameborder=\"0\" allow=\"accelerometer; autoplay; clipboard-write; encrypted-media; gyroscope; picture-in-picture\" allowfullscreen><\/iframe>\n<\/div><\/figure>\n\n\n\n<ol class=\"wp-block-list\"><li>Come chiamavano Palermo i greci?<\/li><li>Quali popoli conquistarono Palermo?<\/li><li>Chi conquist\u00f2 Palermo nell&#8217;831?<\/li><li>Chi tolse la citt\u00e0 di Palermo agli arabi? Come si chiamava la dinastia che li sconfisse?<\/li><li>Si vedono i segni in citt\u00e0 della presenza degli stranieri che vi vissero in passato?<\/li><li>Dove fu costruito il Palazzo dei Normanni?<\/li><li>Quando divent\u00f2 re di Sicilia il normanno Ruggero<\/li><li>Com&#8217;\u00e8 la Cappella Palatina? Che cosa la distingue?<\/li><\/ol>\n\n\n\n<h4 class=\"wp-block-heading\">Conversazione<\/h4>\n\n\n\n<p><em>Conversazioni in coppia da registrare, postare e commentare sulla nostra piattaforma. Nella loro conversazione gli studenti dovranno rispondere alle seguenti domande:<\/em><\/p>\n\n\n\n<ol class=\"wp-block-list\"><li>Sapevi qualcosa sulla citt\u00e0 di Palermo prima di cominciare il nostro corso? <\/li><li>Quale aspetto della sua cultura o quale periodo della sua storia t\u2019interessa maggiormente? <\/li><li>Se tu dovessi scrivere un saggio su uno dei personaggi o fatti storici menzionati nei brani che abbiamo letto, quale sceglieresti? <\/li><li>Quest\u2019argomento ha qualcosa a che fare con quello che studi?<\/li><\/ol>\n\n\n\n<h4 class=\"wp-block-heading\">Ricerca<\/h4>\n\n\n\n<p><em>Ricerca in collaborazione: in gruppi di 2 o al massimo 3 persone gli studenti devono scegliere un elemento della storia di Palermo (un re, un monumento, un fatto storico, etc.) o del territorio (la Conca d\u2019Oro, il Monte Pellegrino, i fiumi, etc) e presentarlo alla classe.<\/em><\/p>\n\n\n\n<p><strong>Le muqarnas<\/strong>. Nel video che avete visto, si menzionano le muqarnas, magnifici lavori d&#8217;intaglio realizzati da maestri di scuola fatimide e iranica, tipici degli edifici arabi del Ifriqiya e della Persia. Le muqarnas sono cassoni lignei dipinti con immagini di animali reali o fantastici, piante e anche figure umane, quest&#8217;ultime vietate dalla tradizione mussulmana. Torneremo su questo, parlando dell&#8217;arte e dell&#8217;architettura normanna. Qui questo breve riferimento serve solo a sottolineare la presenta di maestri dell&#8217;intaglio arabi nella Palermo Normanna.<\/p>\n\n\n\n<figure class=\"wp-block-gallery has-nested-images columns-default is-cropped wp-block-gallery-1 is-layout-flex wp-block-gallery-is-layout-flex\">\n<figure class=\"wp-block-image size-large\"><img loading=\"lazy\" decoding=\"async\" width=\"296\" height=\"164\" data-id=\"173\" src=\"https:\/\/capitalitaliane.lrc.columbia.edu\/wp-content\/uploads\/2021\/08\/Giocatori-di-scacchi.jpg\" alt=\"\" class=\"wp-image-173\"\/><\/figure>\n\n\n\n<figure class=\"wp-block-image size-large\"><img loading=\"lazy\" decoding=\"async\" width=\"640\" height=\"360\" data-id=\"174\" src=\"https:\/\/capitalitaliane.lrc.columbia.edu\/wp-content\/uploads\/2021\/08\/640px-Pernici_bizantine_2.jpg\" alt=\"\" class=\"wp-image-174\" srcset=\"https:\/\/capitalitaliane.lrc.columbia.edu\/wp-content\/uploads\/2021\/08\/640px-Pernici_bizantine_2.jpg 640w, https:\/\/capitalitaliane.lrc.columbia.edu\/wp-content\/uploads\/2021\/08\/640px-Pernici_bizantine_2-300x169.jpg 300w\" sizes=\"auto, (max-width: 640px) 100vw, 640px\" \/><\/figure>\n<\/figure>\n","protected":false},"excerpt":{"rendered":"<p>Palermo Capitale italiana della Cultura 2018 Le ragioni per cui Palermo \u00e8 stata eletta Capitale Italiana della Cultura nel 2018<\/p>\n","protected":false},"author":2,"featured_media":0,"parent":696,"menu_order":0,"comment_status":"closed","ping_status":"closed","template":"","meta":{"footnotes":""},"class_list":["post-133","page","type-page","status-publish","hentry"],"_links":{"self":[{"href":"https:\/\/capitalitaliane.lrc.columbia.edu\/index.php?rest_route=\/wp\/v2\/pages\/133","targetHints":{"allow":["GET"]}}],"collection":[{"href":"https:\/\/capitalitaliane.lrc.columbia.edu\/index.php?rest_route=\/wp\/v2\/pages"}],"about":[{"href":"https:\/\/capitalitaliane.lrc.columbia.edu\/index.php?rest_route=\/wp\/v2\/types\/page"}],"author":[{"embeddable":true,"href":"https:\/\/capitalitaliane.lrc.columbia.edu\/index.php?rest_route=\/wp\/v2\/users\/2"}],"replies":[{"embeddable":true,"href":"https:\/\/capitalitaliane.lrc.columbia.edu\/index.php?rest_route=%2Fwp%2Fv2%2Fcomments&post=133"}],"version-history":[{"count":14,"href":"https:\/\/capitalitaliane.lrc.columbia.edu\/index.php?rest_route=\/wp\/v2\/pages\/133\/revisions"}],"predecessor-version":[{"id":972,"href":"https:\/\/capitalitaliane.lrc.columbia.edu\/index.php?rest_route=\/wp\/v2\/pages\/133\/revisions\/972"}],"up":[{"embeddable":true,"href":"https:\/\/capitalitaliane.lrc.columbia.edu\/index.php?rest_route=\/wp\/v2\/pages\/696"}],"wp:attachment":[{"href":"https:\/\/capitalitaliane.lrc.columbia.edu\/index.php?rest_route=%2Fwp%2Fv2%2Fmedia&parent=133"}],"curies":[{"name":"wp","href":"https:\/\/api.w.org\/{rel}","templated":true}]}}