{"id":140,"date":"2021-08-31T14:02:06","date_gmt":"2021-08-31T14:02:06","guid":{"rendered":"https:\/\/capitalitaliane.lrc.columbia.edu\/?page_id=140"},"modified":"2022-01-28T18:15:09","modified_gmt":"2022-01-28T18:15:09","slug":"palermo-araba","status":"publish","type":"page","link":"https:\/\/capitalitaliane.lrc.columbia.edu\/?page_id=140","title":{"rendered":"Palermo araba"},"content":{"rendered":"\n<p>Palermo fu conquistata dagli Arabi nel 831 d. c. dopo un lungo assedio. Gli arabi rimasero a Palermo e in Sicilia 243 anni e durante tale dominazione, Palermo raggiunse un alto livello di splendore e divenne la citt\u00e0 pi\u00f9 popolata (300.000 abitanti) del mondo arabo, dopo Costantinopoli. Durante il dominio arabo, la citt\u00e0 si ampli\u00f2 notevolmente in varie fasi. Palermo infatti era un centro privilegiato dell\u2019immigrazione mussulmana poich\u00e9 richiamava sia militari che mercanti che desideravano trovarsi in quello che era un emporio molto redditizio grazie alla sua posizione nel Mediterraneo. Tra i mercanti c\u2019erano anche israeliti, persiani, siriani e africani.<\/p>\n\n\n\n<p>Il viaggiatore arabo Ibn Gubayr descrisse Palermo come una citt\u00e0 ricca di meravigliosi palazzi, giardini e parchi che circondavano la citt\u00e0. Uno dei dati caratteristici della presenza araba a Palermo pi\u00f9 dei monumenti, furono i giardini, creati grazie alla grande quantit\u00e0 di sorgenti.. Con la dominazione Araba giunsero infatti in Sicilia molte specie vegetali, tra cui limoni e aranci.<\/p>\n\n\n\n<p>Oggi sorprende che, nonostante i 243 anni di presenza araba, ne manchino tracce architettoniche a Palermo, tanto che si pu\u00f2 affermare che gli unici resti di architettura islamica in Sicilia si trovano fuori Palermo, e cio\u00e8 i Bagni di Cefal\u00e0 Diana. Come spiegare questa mancanza?<\/p>\n\n\n\n<p>Quando nel 1072 i Normanni entrarono a Palermo, ponendo la fine della dominazione Araba, molte moschee, vennero distrutte per far posto a chiese la cui architettura per\u00f2 risentiva fortemente delle precedenti costruzioni islamiche. I normanni infatti ammiravano l\u2019arte araba e utilizzavano manovalanza e artigiani arabi per costruire i loro monumenti.<\/p>\n\n\n\n<p>I monumenti normanni influenzati dall\u2019 architettura araba sono la Zisa, San Giovanni degli Eremiti, la Martorana, la Cuba, e le Cattedrali di Palermo<\/p>\n\n\n\n<p>Del resto gli Arabi non furono grandi costruttori. A loro si devono piuttosto grandi sistemi d\u2019irrigazione, piante provenienti dalla Persia, conoscenze geografiche e astronomiche.<\/p>\n\n\n\n<p>Dopo aver letto il brano sulla Palermo araba, rispondete per scritto e con frasi complete alle seguenti domande:<\/p>\n\n\n\n<ol class=\"wp-block-list\"><li>Quali cambiamenti apportarono gli arabi alla citt\u00e0 di Palermo?<\/li><li>Quali categorie costituivano l\u2019immigrazione mussulmana a Palermo?<\/li><li>Come si presentava Palermo a quell\u2019epoca? Era molto o scarsamente popolata?<\/li><li>Ci sono molti resti dell\u2019architettura araba a Palermo? Perch\u00e9?<\/li><li>In che cosa si distinguevano gli arabi dell\u2019epocai?<\/li><\/ol>\n\n\n\n<p>Nel video che vedremo un professore di origine araba parla in arabo di come riconosce in Sicilia grandi tracce della sua cultura (i sottotitoli sono in italiano e le persone intervistate parlano in italiano)<\/p>\n\n\n\n<figure class=\"wp-block-embed alignleft is-type-video is-provider-youtube wp-block-embed-youtube wp-embed-aspect-4-3 wp-has-aspect-ratio\"><div class=\"wp-block-embed__wrapper\">\n<iframe loading=\"lazy\" title=\"Tracce dei musulmani Siciliani Documentario - storia della sicilia arabi in italia\" width=\"800\" height=\"600\" src=\"https:\/\/www.youtube.com\/embed\/rKMF5EsD17g?feature=oembed\" frameborder=\"0\" allow=\"accelerometer; autoplay; clipboard-write; encrypted-media; gyroscope; picture-in-picture\" allowfullscreen><\/iframe>\n<\/div><\/figure>\n","protected":false},"excerpt":{"rendered":"<p>Palermo fu conquistata dagli Arabi nel 831 d. c. dopo un lungo assedio. Gli arabi rimasero a Palermo e in<\/p>\n","protected":false},"author":2,"featured_media":0,"parent":694,"menu_order":0,"comment_status":"closed","ping_status":"closed","template":"","meta":{"footnotes":""},"class_list":["post-140","page","type-page","status-publish","hentry"],"_links":{"self":[{"href":"https:\/\/capitalitaliane.lrc.columbia.edu\/index.php?rest_route=\/wp\/v2\/pages\/140","targetHints":{"allow":["GET"]}}],"collection":[{"href":"https:\/\/capitalitaliane.lrc.columbia.edu\/index.php?rest_route=\/wp\/v2\/pages"}],"about":[{"href":"https:\/\/capitalitaliane.lrc.columbia.edu\/index.php?rest_route=\/wp\/v2\/types\/page"}],"author":[{"embeddable":true,"href":"https:\/\/capitalitaliane.lrc.columbia.edu\/index.php?rest_route=\/wp\/v2\/users\/2"}],"replies":[{"embeddable":true,"href":"https:\/\/capitalitaliane.lrc.columbia.edu\/index.php?rest_route=%2Fwp%2Fv2%2Fcomments&post=140"}],"version-history":[{"count":1,"href":"https:\/\/capitalitaliane.lrc.columbia.edu\/index.php?rest_route=\/wp\/v2\/pages\/140\/revisions"}],"predecessor-version":[{"id":141,"href":"https:\/\/capitalitaliane.lrc.columbia.edu\/index.php?rest_route=\/wp\/v2\/pages\/140\/revisions\/141"}],"up":[{"embeddable":true,"href":"https:\/\/capitalitaliane.lrc.columbia.edu\/index.php?rest_route=\/wp\/v2\/pages\/694"}],"wp:attachment":[{"href":"https:\/\/capitalitaliane.lrc.columbia.edu\/index.php?rest_route=%2Fwp%2Fv2%2Fmedia&parent=140"}],"curies":[{"name":"wp","href":"https:\/\/api.w.org\/{rel}","templated":true}]}}