{"id":147,"date":"2021-08-31T14:08:11","date_gmt":"2021-08-31T14:08:11","guid":{"rendered":"https:\/\/capitalitaliane.lrc.columbia.edu\/?page_id=147"},"modified":"2021-08-31T14:08:12","modified_gmt":"2021-08-31T14:08:12","slug":"lopera-dei-pupi","status":"publish","type":"page","link":"https:\/\/capitalitaliane.lrc.columbia.edu\/?page_id=147","title":{"rendered":"L&#8217;opera dei pupi"},"content":{"rendered":"\n<p><strong>L&#8217;opera dei pupi. Storia<\/strong><\/p>\n\n\n\n<p>L&#8217;Opera dei Pupi (dal latino pupus, che significa bambino o marionetta) \u00e8 un tipo di teatro delle marionette che racconta le gesta di Carlo Magno e dei suoi paladini, rielaborando cio\u00e8 i romanzi e i poemi medievali del ciclo carolingio. Molti studiosi fanno risalire la sua nascita alla met\u00e0 dell\u2019Ottocento, ma altri al Settecento ed altri ancora al Seicento. I pupi che sono fatti e dipinti a mano, sono riccamente decorati e cesellati. La struttura in legno dei pupi di Palermo, al contrario di quella pi\u00f9 fissa dei pupi di Catania, \u00e8 difficile da manovrare perch\u00e9 \u00e8 molto articolata per permettere una grande variet\u00e0 di movimenti. Il puparo (chi fa i pupi e li manovra) scrive o improvvisa le scene e con la sua voce anima e riempie di pathos i personaggi e lo spettacolo. Quella dell\u2019Opera dei pupi \u00e8 una forma d\u2019arte molto apprezzata, tanto da essere stata inclusa nel 2008 dall\u2019UNESCO tra i Patrimoni Orali dell\u2019Umanit\u00e0.<\/p>\n\n\n\n<p>Sentiamo adesso che cosa dice un puparo del suo mestiere:<\/p>\n\n\n\n<figure class=\"wp-block-embed alignleft is-type-video is-provider-youtube wp-block-embed-youtube wp-embed-aspect-16-9 wp-has-aspect-ratio\"><div class=\"wp-block-embed__wrapper\">\n<iframe loading=\"lazy\" title=\"L&#039;opera dei Pupi di Salvatore Bumbello\" width=\"800\" height=\"450\" src=\"https:\/\/www.youtube.com\/embed\/OCUDvF0a38o?feature=oembed\" frameborder=\"0\" allow=\"accelerometer; autoplay; clipboard-write; encrypted-media; gyroscope; picture-in-picture\" allowfullscreen><\/iframe>\n<\/div><\/figure>\n","protected":false},"excerpt":{"rendered":"<p>L&#8217;opera dei pupi. Storia L&#8217;Opera dei Pupi (dal latino pupus, che significa bambino o marionetta) \u00e8 un tipo di teatro<\/p>\n","protected":false},"author":2,"featured_media":0,"parent":85,"menu_order":0,"comment_status":"closed","ping_status":"closed","template":"","meta":{"footnotes":""},"class_list":["post-147","page","type-page","status-publish","hentry"],"_links":{"self":[{"href":"https:\/\/capitalitaliane.lrc.columbia.edu\/index.php?rest_route=\/wp\/v2\/pages\/147","targetHints":{"allow":["GET"]}}],"collection":[{"href":"https:\/\/capitalitaliane.lrc.columbia.edu\/index.php?rest_route=\/wp\/v2\/pages"}],"about":[{"href":"https:\/\/capitalitaliane.lrc.columbia.edu\/index.php?rest_route=\/wp\/v2\/types\/page"}],"author":[{"embeddable":true,"href":"https:\/\/capitalitaliane.lrc.columbia.edu\/index.php?rest_route=\/wp\/v2\/users\/2"}],"replies":[{"embeddable":true,"href":"https:\/\/capitalitaliane.lrc.columbia.edu\/index.php?rest_route=%2Fwp%2Fv2%2Fcomments&post=147"}],"version-history":[{"count":1,"href":"https:\/\/capitalitaliane.lrc.columbia.edu\/index.php?rest_route=\/wp\/v2\/pages\/147\/revisions"}],"predecessor-version":[{"id":148,"href":"https:\/\/capitalitaliane.lrc.columbia.edu\/index.php?rest_route=\/wp\/v2\/pages\/147\/revisions\/148"}],"up":[{"embeddable":true,"href":"https:\/\/capitalitaliane.lrc.columbia.edu\/index.php?rest_route=\/wp\/v2\/pages\/85"}],"wp:attachment":[{"href":"https:\/\/capitalitaliane.lrc.columbia.edu\/index.php?rest_route=%2Fwp%2Fv2%2Fmedia&parent=147"}],"curies":[{"name":"wp","href":"https:\/\/api.w.org\/{rel}","templated":true}]}}