{"id":208,"date":"2021-09-28T20:25:49","date_gmt":"2021-09-28T20:25:49","guid":{"rendered":"https:\/\/capitalitaliane.lrc.columbia.edu\/?page_id=208"},"modified":"2022-04-04T23:20:23","modified_gmt":"2022-04-04T23:20:23","slug":"torino-capitale-della-cioccolata-e-del-caffe","status":"publish","type":"page","link":"https:\/\/capitalitaliane.lrc.columbia.edu\/?page_id=208","title":{"rendered":"Torino capitale della cioccolata e del caff\u00e8"},"content":{"rendered":"\n<h4 class=\"wp-block-heading\">Ferrero<\/h4>\n\n\n\n<h5 class=\"wp-block-heading\">Comunicazione e cioccolato dall&#8217;800 in poi <\/h5>\n\n\n\n<p>Torino<strong> <\/strong>\u00e8 conosciuta come la capitale italiana del cioccolato. Ma quando \u00e8 iniziato questo<\/p>\n\n\n\n<p>connubio tra il capoluogo piemontese e questa deliziosa miscela di zucchero e cacao?<em> <\/em>Si racconta che nel 1560 il duca Emanuele Filiberto di Savoia offr\u00ec ai cittadini torinesi una tazza di cioccolata calda per festeggiare il trasferimento della capitale ducale da&nbsp; Chamb\u00e9ry&nbsp;a Torino. Il compositore Giuseppe Pietri ha persino composto un duetto intitolato Cioccolatini cioccolatin per la sua operetta Addio giovinezza, ambientata a Torino.<\/p>\n\n\n\n<h4 class=\"wp-block-heading\">Lavazza<\/h4>\n\n\n\n<p>Nel 1995 Luigi Lavazza apr\u00ec la sua prima drogheria nel centro di Torino. Luigi era un uomo curioso e pieno di spirito d\u2019iniziativa e cos\u00ec cominci\u00f2 a studiare l\u2019origine della pianta del caff\u00e8 e a creare delle miscele. La miscelazione pu\u00f2 essere considerata un\u2019arte, le cui ricette sono spesso segrete.<\/p>\n\n\n\n<h4 class=\"wp-block-heading\">La cultura del caff\u00e8. Da Lavazza a Starbucks, da una piccola drogheria ad una grande catena<\/h4>\n\n\n\n<p>\u201cBevo quaranta caff\u00e8 al giorno per <a href=\"https:\/\/www.google.com\/url?q=https%3A%2F%2Fwww.frasicelebri.it%2Fargomento%2Fsostanza%2F&amp;sa=D&amp;sntz=1&amp;usg=AFQjCNFylhIxT5nLN-vDkZT3R8jxhPPuMw\">essere<\/a> ben sveglio e <a href=\"https:\/\/www.google.com\/url?q=https%3A%2F%2Fwww.frasicelebri.it%2Fargomento%2Fpensare%2F&amp;sa=D&amp;sntz=1&amp;usg=AFQjCNEL32cLzk6glHyHVF2O3ha0hSz0Lg\">pensare<\/a>, pensare, pensare a come poter <a href=\"https:\/\/www.google.com\/url?q=https%3A%2F%2Fwww.frasicelebri.it%2Fargomento%2Flotta%2F&amp;sa=D&amp;sntz=1&amp;usg=AFQjCNEcTaHXDfidm9DEKb31D_MzkT4-eQ\">combattere<\/a> i <a href=\"https:\/\/www.google.com\/url?q=https%3A%2F%2Fwww.frasicelebri.it%2Fargomento%2Ftiranni%2F&amp;sa=D&amp;sntz=1&amp;usg=AFQjCNENyr9JX7q2w5Bj17QzEGclJShlZQ\">tiranni<\/a> e gli <a href=\"https:\/\/www.google.com\/url?q=https%3A%2F%2Fwww.frasicelebri.it%2Fargomento%2Fcretini%2F&amp;sa=D&amp;sntz=1&amp;usg=AFQjCNHJ-RSSF4D0f8cHUkvIp4laMmpgCg\">imbecilli<\/a>. Sar\u00e0 senz&#8217;altro un veleno, ma un veleno lentissimo: io lo bevo gi\u00e0 da settant&#8217;anni e, finora, non ne ho mai provato i tristi effetti sulla mia <a href=\"https:\/\/www.google.com\/url?q=https%3A%2F%2Fwww.frasicelebri.it%2Fargomento%2Fsalute%2F&amp;sa=D&amp;sntz=1&amp;usg=AFQjCNHkVUy413p9IU2ZWIR8ZvFMfkgTOg\">salute<\/a>\u2026\u201d Voltaire<\/p>\n\n\n\n<figure class=\"wp-block-embed is-type-video is-provider-youtube wp-block-embed-youtube wp-embed-aspect-16-9 wp-has-aspect-ratio\"><div class=\"wp-block-embed__wrapper\">\n<iframe loading=\"lazy\" title=\"La finestra su Torino - i caff\u00e8 storici\" width=\"800\" height=\"450\" src=\"https:\/\/www.youtube.com\/embed\/MLvpZx1wQ-c?feature=oembed\" frameborder=\"0\" allow=\"accelerometer; autoplay; clipboard-write; encrypted-media; gyroscope; picture-in-picture\" allowfullscreen><\/iframe>\n<\/div><\/figure>\n\n\n\n<h4 class=\"wp-block-heading\">La mappa dei caff\u00e8 storici della citt\u00e0<\/h4>\n\n\n\n<p>Usando l\u2019app izi.travel, crea una mappa dei caff\u00e8 storici di Torino, Punto di partenza \u00e8 Baratti in piazza Castello. Ogni punto sulla mappa, indicante la presenza e la posizione di un caff\u00e8 storico deve fornire una brevissima descrizione del locale, dal suo interno alla sua storia e ai suoi frequentatori.<\/p>\n\n\n\n<p><\/p>\n","protected":false},"excerpt":{"rendered":"<p>Ferrero Comunicazione e cioccolato dall&#8217;800 in poi Torino \u00e8 conosciuta come la capitale italiana del cioccolato. Ma quando \u00e8 iniziato<\/p>\n","protected":false},"author":2,"featured_media":0,"parent":200,"menu_order":0,"comment_status":"closed","ping_status":"closed","template":"","meta":{"footnotes":""},"class_list":["post-208","page","type-page","status-publish","hentry"],"_links":{"self":[{"href":"https:\/\/capitalitaliane.lrc.columbia.edu\/index.php?rest_route=\/wp\/v2\/pages\/208","targetHints":{"allow":["GET"]}}],"collection":[{"href":"https:\/\/capitalitaliane.lrc.columbia.edu\/index.php?rest_route=\/wp\/v2\/pages"}],"about":[{"href":"https:\/\/capitalitaliane.lrc.columbia.edu\/index.php?rest_route=\/wp\/v2\/types\/page"}],"author":[{"embeddable":true,"href":"https:\/\/capitalitaliane.lrc.columbia.edu\/index.php?rest_route=\/wp\/v2\/users\/2"}],"replies":[{"embeddable":true,"href":"https:\/\/capitalitaliane.lrc.columbia.edu\/index.php?rest_route=%2Fwp%2Fv2%2Fcomments&post=208"}],"version-history":[{"count":2,"href":"https:\/\/capitalitaliane.lrc.columbia.edu\/index.php?rest_route=\/wp\/v2\/pages\/208\/revisions"}],"predecessor-version":[{"id":865,"href":"https:\/\/capitalitaliane.lrc.columbia.edu\/index.php?rest_route=\/wp\/v2\/pages\/208\/revisions\/865"}],"up":[{"embeddable":true,"href":"https:\/\/capitalitaliane.lrc.columbia.edu\/index.php?rest_route=\/wp\/v2\/pages\/200"}],"wp:attachment":[{"href":"https:\/\/capitalitaliane.lrc.columbia.edu\/index.php?rest_route=%2Fwp%2Fv2%2Fmedia&parent=208"}],"curies":[{"name":"wp","href":"https:\/\/api.w.org\/{rel}","templated":true}]}}