{"id":217,"date":"2021-09-28T20:35:02","date_gmt":"2021-09-28T20:35:02","guid":{"rendered":"https:\/\/capitalitaliane.lrc.columbia.edu\/?page_id=217"},"modified":"2022-03-03T22:06:00","modified_gmt":"2022-03-03T22:06:00","slug":"literature","status":"publish","type":"page","link":"https:\/\/capitalitaliane.lrc.columbia.edu\/?page_id=217","title":{"rendered":"Letteratura"},"content":{"rendered":"\n<h4 class=\"wp-block-heading\">La letteratura \u201ctorinese\u201d<\/h4>\n\n\n\n<p>Molte sono le opere letterarie ambientate a Torino, cos\u00ec come sono tante quelle che la descrivono:<\/p>\n\n\n\n<p>Nei suoi due saggi, Torino \u00e8 casa mia (2005) e Torino \u00e8 casa nostra (2015), Giuseppe Culicchia racconta proprio i legami che uniscono questa citt\u00e0 alla letteratura ed anche le leggende e i fatti che ne hanno fatto una delle pi\u00f9 chiacchierate citt\u00e0 italiane. Questi due saggi ti apriranno le porte della citt\u00e0. Leggi e scegli una delle storie raccontate e approfondisci il suo contenuto. Adesso che hai un\u2019idea pi\u00f9 ampia della Torino letteraria, puoi affrontare uno dei romanzi ambientati in questa citt\u00e0.<\/p>\n\n\n\n<ul class=\"wp-block-list\"><li><em>Amore e ginnastica<\/em> di Edmondo De Amicis (1892)<\/li><li><em>Lessico famigliare<\/em> di Natalia Ginzburg (1963)<\/li><li><em>La casa in collina<\/em> di Cesare Pavese (1948)<\/li><li><em>La giornata d\u2019uno scrutatore<\/em> di Italo Calvino (1963)<\/li><li><em>La donna della domenica<\/em> di Fruttero &amp; Lucentini (1972)<\/li><li><em>La solitudine dei numeri primi<\/em> di Paolo Giordano (2008)<\/li><\/ul>\n\n\n\n<p>Completa una tabella con le informazioni indicate nel modello qui sotto. Se vuoi, puoi basare la tua presentazione finale su uno di questi romanzi:<\/p>\n","protected":false},"excerpt":{"rendered":"<p>La letteratura \u201ctorinese\u201d Molte sono le opere letterarie ambientate a Torino, cos\u00ec come sono tante quelle che la descrivono: Nei<\/p>\n","protected":false},"author":2,"featured_media":0,"parent":64,"menu_order":4,"comment_status":"closed","ping_status":"closed","template":"","meta":{"footnotes":""},"class_list":["post-217","page","type-page","status-publish","hentry"],"_links":{"self":[{"href":"https:\/\/capitalitaliane.lrc.columbia.edu\/index.php?rest_route=\/wp\/v2\/pages\/217","targetHints":{"allow":["GET"]}}],"collection":[{"href":"https:\/\/capitalitaliane.lrc.columbia.edu\/index.php?rest_route=\/wp\/v2\/pages"}],"about":[{"href":"https:\/\/capitalitaliane.lrc.columbia.edu\/index.php?rest_route=\/wp\/v2\/types\/page"}],"author":[{"embeddable":true,"href":"https:\/\/capitalitaliane.lrc.columbia.edu\/index.php?rest_route=\/wp\/v2\/users\/2"}],"replies":[{"embeddable":true,"href":"https:\/\/capitalitaliane.lrc.columbia.edu\/index.php?rest_route=%2Fwp%2Fv2%2Fcomments&post=217"}],"version-history":[{"count":2,"href":"https:\/\/capitalitaliane.lrc.columbia.edu\/index.php?rest_route=\/wp\/v2\/pages\/217\/revisions"}],"predecessor-version":[{"id":558,"href":"https:\/\/capitalitaliane.lrc.columbia.edu\/index.php?rest_route=\/wp\/v2\/pages\/217\/revisions\/558"}],"up":[{"embeddable":true,"href":"https:\/\/capitalitaliane.lrc.columbia.edu\/index.php?rest_route=\/wp\/v2\/pages\/64"}],"wp:attachment":[{"href":"https:\/\/capitalitaliane.lrc.columbia.edu\/index.php?rest_route=%2Fwp%2Fv2%2Fmedia&parent=217"}],"curies":[{"name":"wp","href":"https:\/\/api.w.org\/{rel}","templated":true}]}}