{"id":225,"date":"2021-09-28T20:50:35","date_gmt":"2021-09-28T20:50:35","guid":{"rendered":"https:\/\/capitalitaliane.lrc.columbia.edu\/?page_id=225"},"modified":"2021-09-28T20:50:36","modified_gmt":"2021-09-28T20:50:36","slug":"il-museo-del-cinema","status":"publish","type":"page","link":"https:\/\/capitalitaliane.lrc.columbia.edu\/?page_id=225","title":{"rendered":"Il museo del cinema"},"content":{"rendered":"\n<h4 class=\"wp-block-heading\">Torino e l\u2019industria cinematografica<\/h4>\n\n\n\n<p>Non tutti sanno che a meno di un anno dalle prime proiezioni pubbliche dei fratelli Lumi\u00e8re a Parigi, anche a Torino nel 1896 si cominciano ad organizzare serate cinematografiche e che da quel momento in poi le proiezioni di film sono diventate sempre pi\u00f9 frequenti e che sono cominciate a proliferare sia le case di produzione che le sale cinematografiche. Dal 1958 la citt\u00e0 di Torino \u00e8 sede di uno splendido Museo del cinema e dal 1982 ospita annualmente il Festival internazionale del cinema.<\/p>\n\n\n\n<p>Quella che segue \u00e8 una lista di solo alcuni dei tantissimi ambientati a Torino. Adesso che conosci meglio la citt\u00e0, scegline uno e scrivi una recensione di due pagine. Poi presenterai il film scelto alla classe, raccontandone dettagliatamente la trama, includendo delle scene che analizzerai minuziosamente e a cui aggiungerai un commento critico:<\/p>\n\n\n\n<ul class=\"wp-block-list\"><li><em>Le amiche<\/em>, diretto da Michelangelo Antonioni (1955) (tratto dall\u2019omonimo romanzo di Cesare Pavese<\/li><li><em>I compagni<\/em>, diretto da Mario Monicelli (1963)<\/li><li><em>Torino nera<\/em>, diretto da Carlo Lizzani (1972)<\/li><li><em>Amore e ginnastica<\/em> diretto da Luigi Filippo D\u2019Amico (1973) (tratto dall\u2019omonimo romanzo di Edmondo De Amicis)<\/li><li><em>La donna della domenica<\/em>, diretto da Luigi Comencini (1975)<\/li><li><em>Torino violenta<\/em>, diretto da Carlo Ausino (1977)<\/li><li><em>La tregua<\/em>, diretto da Francesco Rosi (1997)<\/li><li><em>Cos\u00ec ridevano<\/em>, diretto da Gianni Amelio (1998)<\/li><li><em>A cavallo della tigre<\/em>, diretto da Carlo Mazzacurati (2002)<\/li><li><em>La fabbrica dei tedeschi<\/em>, diretto da Mimmo Calopresti (2008)<\/li><\/ul>\n\n\n\n<h4 class=\"wp-block-heading\">Lettura<\/h4>\n\n\n\n<p><em>Guarda il sito web del Museo del cinema e trova le seguenti informazioni:<\/em><\/p>\n\n\n\n<ol class=\"wp-block-list\"><li>In quale zona della citt\u00e0 si trova? In che via?<\/li><li>Qual \u00e8 l&#8217;orario di apertura? E quello di chiusura?<\/li><li>Quanto costa il prezzo del biglietto? C&#8217;\u00e8 uno sconto per gli studenti? E per gli anziani?<\/li><li>E&#8217; accessibile dai disabili?<\/li><li>Si pu\u00f2 visitare la cupola?<\/li><li>Si possono fare fotografie?<\/li><li>Si pu\u00f2 portare un cane di piccola taglia?<\/li><\/ol>\n","protected":false},"excerpt":{"rendered":"<p>Torino e l\u2019industria cinematografica Non tutti sanno che a meno di un anno dalle prime proiezioni pubbliche dei fratelli Lumi\u00e8re<\/p>\n","protected":false},"author":2,"featured_media":0,"parent":223,"menu_order":0,"comment_status":"closed","ping_status":"closed","template":"","meta":{"footnotes":""},"class_list":["post-225","page","type-page","status-publish","hentry"],"_links":{"self":[{"href":"https:\/\/capitalitaliane.lrc.columbia.edu\/index.php?rest_route=\/wp\/v2\/pages\/225","targetHints":{"allow":["GET"]}}],"collection":[{"href":"https:\/\/capitalitaliane.lrc.columbia.edu\/index.php?rest_route=\/wp\/v2\/pages"}],"about":[{"href":"https:\/\/capitalitaliane.lrc.columbia.edu\/index.php?rest_route=\/wp\/v2\/types\/page"}],"author":[{"embeddable":true,"href":"https:\/\/capitalitaliane.lrc.columbia.edu\/index.php?rest_route=\/wp\/v2\/users\/2"}],"replies":[{"embeddable":true,"href":"https:\/\/capitalitaliane.lrc.columbia.edu\/index.php?rest_route=%2Fwp%2Fv2%2Fcomments&post=225"}],"version-history":[{"count":1,"href":"https:\/\/capitalitaliane.lrc.columbia.edu\/index.php?rest_route=\/wp\/v2\/pages\/225\/revisions"}],"predecessor-version":[{"id":226,"href":"https:\/\/capitalitaliane.lrc.columbia.edu\/index.php?rest_route=\/wp\/v2\/pages\/225\/revisions\/226"}],"up":[{"embeddable":true,"href":"https:\/\/capitalitaliane.lrc.columbia.edu\/index.php?rest_route=\/wp\/v2\/pages\/223"}],"wp:attachment":[{"href":"https:\/\/capitalitaliane.lrc.columbia.edu\/index.php?rest_route=%2Fwp%2Fv2%2Fmedia&parent=225"}],"curies":[{"name":"wp","href":"https:\/\/api.w.org\/{rel}","templated":true}]}}