{"id":421,"date":"2021-12-18T18:01:22","date_gmt":"2021-12-18T18:01:22","guid":{"rendered":"https:\/\/capitalitaliane.lrc.columbia.edu\/?page_id=421"},"modified":"2021-12-18T18:01:23","modified_gmt":"2021-12-18T18:01:23","slug":"dalla-fondazione-allepoca-bizantina","status":"publish","type":"page","link":"https:\/\/capitalitaliane.lrc.columbia.edu\/?page_id=421","title":{"rendered":"Dalla fondazione all&#8217;epoca bizantina"},"content":{"rendered":"\n<h4 class=\"wp-block-heading\">Sondaggio<\/h4>\n\n\n\n<p><em>Leggiamo adesso una concisissima sintesi del periodo che va dalla fondazione di Napoli all&#8217;epoca bizantina, rispondiamo alle domande e facciamo un sondaggio per decidere la conoscenza di quali di questi eventi e personaggi storici vogliamo approfondire.<\/em><\/p>\n\n\n\n<p>Una leggenda racconta che quando Ulisse non si lasci\u00f2 incantare dal canto delle sirene Partenope, Ligeia e Leucosia queste si suicidarono e i loro corpi galleggianti vennero trasportati dal mare. Le onde spinsero Partenope alle foci del fiume Sebeto, dove poi i greci fondarono Partenope. Gli storici dicono invece che la citt\u00e0 fu fondata dai greci cumani nel <strong>VIII secolo a.C<\/strong> e che in poco tempo domin\u00f2 il commercio marittimo sul Mar Tirreno.<\/p>\n\n\n\n<p>Neapolis fu invece fondata nel <strong>VI secolo a.C<\/strong> da un gruppo di oligarchi interessati a rivaleggiare anche commercialmente con Partenope, la citt\u00e0 da cui provenivano.<\/p>\n\n\n\n<p>Nel <strong>326 a.C<\/strong> i romani, che avevano gi\u00e0 conquistato Capua, assediarono Neapolis che oppose molta resistenza ma che alla fine dovette cedere. Il processo di romanizzazione comunque dur\u00f2 a lungo.<\/p>\n\n\n\n<p>Il V secolo d.C fu funesto anche per Neapolis che nel <strong>459<\/strong> fu vittima degli attacchi dei vandali e nel <strong>476<\/strong> di una tremenda eruzione del Vesuvio, la cui cenere si sparse in tutta Europa. Il <strong>476<\/strong> fu anche l\u2019anno in cui venne deposto l\u2019ultimo imperatore romano, Romolo Augusto.<\/p>\n\n\n\n<p>Nel <strong>VI secolo d.C<\/strong> Neapolis divenne una provincia bizantina. La citt\u00e0 venne riorganizzata da un punto di vista militare e giuridico. Nei secoli successivi quanti nemici ebbe la citt\u00e0 e quante minacce sub\u00ec! Longobardi, lo Stato Pontificio, i saraceni ed infine il Sacro Romano Impero che voleva espandersi nel Sud della penisola.<\/p>\n\n\n\n<ol class=\"wp-block-list\"><li>Da chi e quando fu fondata Partenope? Da dove deriva questo nome?<\/li><li>Aveva dei nemici interni Partenope? Per quale ragione?<\/li><li>La cultura greca scomparve rapidamente dopo la conquista romana?<\/li><li>Che cosa successe di tragico a Napoli nel 476?<\/li><li>Lasciarono la citt`a immutata i bizantini?<\/li><li>C&#8217;erano delle minacce esterne per la napoli bizantina?<\/li><\/ol>\n\n\n\n<h4 class=\"wp-block-heading\">Itinerario archeologico.<\/h4>\n\n\n\n<p><em>Crea una mappa interattiva di un tuo itinerario archeologica in cui descrivi i siti di tuo interesse. Dovrai anche spiegare oralmente alla classe le ragioni delle tue scelte.<\/em><\/p>\n\n\n\n<h4 class=\"wp-block-heading\">La statua del Dio Nilo.<\/h4>\n\n\n\n<p>La statua del Dio Nilo \u00e8 una scultura marmorea di epoca romana, risalente al II d.C., che si trova nel cuore del centro storico della citt\u00e0 partenopea. In quell\u2019area viveva infatti una comunit\u00e0 egiziana &#8211; costituita prevalentemente da mercanti \u2013 in cui venne deciso di erigere una statua in onore della divinit\u00e0 del fiume Nilo, divinit\u00e0 portatrice di prosperit\u00e0 e ricchezza (la cornucopia nella mano destra). Nei secoli successivi la statua ebbe una storia molto travagliata: fu rimossa, decapitata, danneggiata e i putti e la sfinge che si trovavano alla sua base furono rubati durante il secondo dopoguerra, per essere probabilmente venduti al mercato nero. Nel 2014 la statua \u00e8 stata restaurata e ripresentata alla citt\u00e0 con una solenne inaugurazione.<\/p>\n","protected":false},"excerpt":{"rendered":"<p>Sondaggio Leggiamo adesso una concisissima sintesi del periodo che va dalla fondazione di Napoli all&#8217;epoca bizantina, rispondiamo alle domande e<\/p>\n","protected":false},"author":2,"featured_media":0,"parent":418,"menu_order":0,"comment_status":"closed","ping_status":"closed","template":"","meta":{"footnotes":""},"class_list":["post-421","page","type-page","status-publish","hentry"],"_links":{"self":[{"href":"https:\/\/capitalitaliane.lrc.columbia.edu\/index.php?rest_route=\/wp\/v2\/pages\/421","targetHints":{"allow":["GET"]}}],"collection":[{"href":"https:\/\/capitalitaliane.lrc.columbia.edu\/index.php?rest_route=\/wp\/v2\/pages"}],"about":[{"href":"https:\/\/capitalitaliane.lrc.columbia.edu\/index.php?rest_route=\/wp\/v2\/types\/page"}],"author":[{"embeddable":true,"href":"https:\/\/capitalitaliane.lrc.columbia.edu\/index.php?rest_route=\/wp\/v2\/users\/2"}],"replies":[{"embeddable":true,"href":"https:\/\/capitalitaliane.lrc.columbia.edu\/index.php?rest_route=%2Fwp%2Fv2%2Fcomments&post=421"}],"version-history":[{"count":1,"href":"https:\/\/capitalitaliane.lrc.columbia.edu\/index.php?rest_route=\/wp\/v2\/pages\/421\/revisions"}],"predecessor-version":[{"id":422,"href":"https:\/\/capitalitaliane.lrc.columbia.edu\/index.php?rest_route=\/wp\/v2\/pages\/421\/revisions\/422"}],"up":[{"embeddable":true,"href":"https:\/\/capitalitaliane.lrc.columbia.edu\/index.php?rest_route=\/wp\/v2\/pages\/418"}],"wp:attachment":[{"href":"https:\/\/capitalitaliane.lrc.columbia.edu\/index.php?rest_route=%2Fwp%2Fv2%2Fmedia&parent=421"}],"curies":[{"name":"wp","href":"https:\/\/api.w.org\/{rel}","templated":true}]}}