{"id":423,"date":"2021-12-18T18:02:22","date_gmt":"2021-12-18T18:02:22","guid":{"rendered":"https:\/\/capitalitaliane.lrc.columbia.edu\/?page_id=423"},"modified":"2021-12-18T18:02:22","modified_gmt":"2021-12-18T18:02:22","slug":"dal-regno-dei-normanni-a-quello-degli-svevi","status":"publish","type":"page","link":"https:\/\/capitalitaliane.lrc.columbia.edu\/?page_id=423","title":{"rendered":"Dal Regno dei Normanni a quello degli Svevi"},"content":{"rendered":"\n<p>Quando nel 1030 il Duca di Napoli don\u00f2 la citt\u00e0 di Aversa (Campania) ai mercenari normanni che lo avevano aiutato nella guerra con il principato di Capua, si stabil\u00ec il luogo da cui i Normanni avrebbero cominciato le loro conquiste nel Sud d\u2019Italia. Nel giro di un secolo, infatti, i Normanni conquistarono tutto il Meridione e diedero vita al Regno di Sicilia, che incluse nel 1139 anche il Ducato di Napoli.<\/p>\n\n\n\n<p>La dinastia normanna degli Altavilla govern\u00f2 il Regno di Sicilia con capitale a Palermo sino al 1195. Quando re Ruggero d\u2019Altavilla arriv\u00f2 a Napoli nel 1140 fu accolto, secondo la cronaca del tempo, con grandi onori. In realt\u00e0 mise fine all\u2019indipendenza della citt\u00e0 e accentr\u00f2 tutti i poteri nelle sue mani generando un malcontento che sfoci\u00f2 in seguito in forti tensioni sociali e politiche mai veramente risolte dai suoi successori.<\/p>\n\n\n\n<p>Al governo del regno la dinastia degli Altavilla segu\u00ec quella degli svevi Hoenstaufen. Federico II che divenne re solo nel 1208, quando raggiunse la maggior et\u00e0, mantenne la sua residenza a Palermo ma istitu\u00ec a Napoli un\u2019universit\u00e0 per formare le magistrature del suo regno. Per il giovane Federico II governare non fu facile. Ci furono infatti delle rivolte a Napoli e in Calabria e tensioni con il papato (Federico II, a causa della sua insofferenza verso l\u2019autorit\u00e0 papale fu scomunicato).<\/p>\n\n\n\n<p>Federico II si distinse per la sua attenzione verso l\u2019arte e la cultura, sia quella letteraria che giuridica e per aver favorito la convivenza pacifica nel suo regno tra le varie etnie che lo abitavano.<\/p>\n\n\n\n<ol class=\"wp-block-list\"><li>Che rapporti c&#8217;erano tra il Principato di Capua e il Ducato di Napoli nel XII secolo? I Normanni ne approfittarono?<\/li><li>Fu molto liberale nei confronti del Ducato di Napoli il re Ruggero II?<\/li><li>Che cosa fece Federico II di Svevia per preparare i magistrati del suo regno?<\/li><li>Per che cosa viene lodato Federico II?<\/li><\/ol>\n","protected":false},"excerpt":{"rendered":"<p>Quando nel 1030 il Duca di Napoli don\u00f2 la citt\u00e0 di Aversa (Campania) ai mercenari normanni che lo avevano aiutato<\/p>\n","protected":false},"author":2,"featured_media":0,"parent":418,"menu_order":0,"comment_status":"closed","ping_status":"closed","template":"","meta":{"footnotes":""},"class_list":["post-423","page","type-page","status-publish","hentry"],"_links":{"self":[{"href":"https:\/\/capitalitaliane.lrc.columbia.edu\/index.php?rest_route=\/wp\/v2\/pages\/423","targetHints":{"allow":["GET"]}}],"collection":[{"href":"https:\/\/capitalitaliane.lrc.columbia.edu\/index.php?rest_route=\/wp\/v2\/pages"}],"about":[{"href":"https:\/\/capitalitaliane.lrc.columbia.edu\/index.php?rest_route=\/wp\/v2\/types\/page"}],"author":[{"embeddable":true,"href":"https:\/\/capitalitaliane.lrc.columbia.edu\/index.php?rest_route=\/wp\/v2\/users\/2"}],"replies":[{"embeddable":true,"href":"https:\/\/capitalitaliane.lrc.columbia.edu\/index.php?rest_route=%2Fwp%2Fv2%2Fcomments&post=423"}],"version-history":[{"count":1,"href":"https:\/\/capitalitaliane.lrc.columbia.edu\/index.php?rest_route=\/wp\/v2\/pages\/423\/revisions"}],"predecessor-version":[{"id":424,"href":"https:\/\/capitalitaliane.lrc.columbia.edu\/index.php?rest_route=\/wp\/v2\/pages\/423\/revisions\/424"}],"up":[{"embeddable":true,"href":"https:\/\/capitalitaliane.lrc.columbia.edu\/index.php?rest_route=\/wp\/v2\/pages\/418"}],"wp:attachment":[{"href":"https:\/\/capitalitaliane.lrc.columbia.edu\/index.php?rest_route=%2Fwp%2Fv2%2Fmedia&parent=423"}],"curies":[{"name":"wp","href":"https:\/\/api.w.org\/{rel}","templated":true}]}}