{"id":446,"date":"2021-12-18T18:24:15","date_gmt":"2021-12-18T18:24:15","guid":{"rendered":"https:\/\/capitalitaliane.lrc.columbia.edu\/?page_id=446"},"modified":"2023-03-20T16:25:24","modified_gmt":"2023-03-20T16:25:24","slug":"domenico-cimarosa","status":"publish","type":"page","link":"https:\/\/capitalitaliane.lrc.columbia.edu\/?page_id=446","title":{"rendered":"Domenico Cimarosa"},"content":{"rendered":"\n<p>LEGGIAMO <\/p>\n\n\n\n<p>Domenico Cimarosa nacque ad Aversa, situata ad una ventina di chilometri da Napoli, nel 1749. La sua era una famiglia di condizioni molto modeste; madre lavandaia e padre muratore che mor\u00ec quando Domenico aveva solo 7 anni, lasciando moglie e figlio in condizioni di estrema miseraia.&nbsp;<\/p>\n\n\n\n<p>Della sua prima formazione culturale oltre che delle sue necessit\u00e0 materiali si occup\u00f2 il frate di un convento in cui sua madre prestava servizio. Domenico apprese cos\u00ec i rudimenti della musica e della poesia e, dato il suo talento, nel 1761 venne accolto gratuitamente dal Conservatorio della Madonna di Loreto. Gli studi al Conservatorio, fecero di lui un violinista, organista, cembalista ed anche un cantante. Come compositore Cimarosa fu molto prolifico in quegli anni,ma il grande successo arriv\u00f2 solo con l\u2019opera <em>L&#8217;Italiana in Algeri<\/em> rappresentata in un teatro di Roma.<\/p>\n\n\n\n<p>Invitato nel 1787 alla Corte di Caterina II di Russia, durante il viaggio si ferm\u00f2 nelle principali Corti italiane che confermarono il suo successo. In Russia fu Maestro di Cappella e compose una Messa, cori e cantate.<\/p>\n\n\n\n<p>Nel 1791, durante il suo rientro in Italia, Cimarosa intraprese la via del ritorno sostando prima a Varsavia e poi Vienna. A Vienna, alla corte di Leopoldo II, compose l\u2019opera che sarebbe diventata il suo capolavoro: &#8220;Il matrimonio segreto&#8221;. \u201cIl matrimonio segreto fu un enorme successo anche a Napoli. Purtroppo il suo soggiorno a Napoli fu molto difficile, sia a causa di disturbi di origine nervosa che per la sua adesione alla rivoluzione napoletana del 1799. Dopo il ritorno del Re Ferdinando,&nbsp; infatti, Cimarosa fu incarcerato.&nbsp; Dopo 4 mesi venne liberato grazie, dicono, all\u2019intercessione della Chiesa e della Russia, e abandon\u00f2 Napoli per recarsi a Padova ed infine a Venezia.<\/p>\n\n\n\n<p>Mor\u00ec improvvisamente nel 1801 e molti sospettarono che era stato avvelenato da sicari inviati dalla moglie del Re Ferdinando, Carolina, perch\u00e9 aveva tradito la Monarchia.<\/p>\n\n\n\n<h4 class=\"wp-block-heading\">Discussione<\/h4>\n\n\n\n<p>Prima di rispondere alle domande riguardanti la vita di Cimarosa, sottolinea tutti i verbi al passato remoto che trovi nel testo. <\/p>\n\n\n\n<ol class=\"wp-block-list\">\n<li>Quella di Cimarosa era una famiglia agiata?<\/li>\n\n\n\n<li>Chi si prese cura dell\u2019educazione di Cimarosa, dopo la morte di suo padre?<\/li>\n\n\n\n<li>Quali strumenti suonava Cimarosa?<\/li>\n\n\n\n<li>Visse solo e sempre in Italia o si rec\u00f2 anche all\u2019estero?<\/li>\n\n\n\n<li>Che cosa successe a Napoli nel 1799? Da che parte si schier\u00f2 Cimarosa?<\/li>\n\n\n\n<li>Come e dove mor\u00ec il compositore?<\/li>\n\n\n\n<li>Quali sono le opere di Cimarosa di maggiore successo?<\/li>\n<\/ol>\n\n\n\n<h4 class=\"wp-block-heading\">Ascoltiamo<\/h4>\n\n\n\n<p><a href=\"https:\/\/www.youtube.com\/watch?v=4qo9Fc8r3xA\" target=\"_blank\" rel=\"noreferrer noopener\">https:\/\/www.youtube.com\/watch?v=4qo9Fc8r3xA<\/a><\/p>\n\n\n\n\n\n<p><\/p>\n\n\n\n<p>Adesso ascolta il Concerto per oboe di Cimarosa riportato qui sotto e poi scrivi un tuo commento: Che emozioni ti suscita? Ti piace il suono dell\u2019oboe? Come potresti definirlo? Pensi che riascolterai questo concerto? In quali circostanze?<\/p>\n\n\n\n<p>Come forse saprai, le note musicali in italiano si indicano diversamente da quelle in inglese. Ecco qui sotto le note in entrambe le lingue:<\/p>\n\n\n\n<figure class=\"wp-block-table\"><table><tbody><tr><td><strong>Italiano<\/strong><\/td><td><strong>Inglese<\/strong><\/td><\/tr><tr><td>Do<\/td><td>C<\/td><\/tr><tr><td>Re<\/td><td>D<\/td><\/tr><tr><td>Mi<\/td><td>E<\/td><\/tr><tr><td>Fa <\/td><td>F<\/td><\/tr><tr><td>So<\/td><td>G<\/td><\/tr><tr><td>La<\/td><td>A<\/td><\/tr><tr><td>Si<\/td><td>B<\/td><\/tr><\/tbody><\/table><\/figure>\n\n\n\n<p>Anche i semitoni si indicano diversamente da quelli in inglese.<\/p>\n\n\n\n<p>&nbsp;Il segno<strong> diesis<\/strong>&nbsp;\u266f scritto a sinistra di una nota la aumenta di un semitono e si definisce <strong>maggiore<\/strong>, come in inglese.<\/p>\n\n\n\n<p>&nbsp;Il segno <strong>bemolle <\/strong><strong>\u266d<\/strong> scritto a destra di una nota, al contrario, la diminuisce di un semitono.<\/p>\n\n\n\n<p><em>The oboe concerto in C major <\/em>di&nbsp; Cimarosa che hai appena ascoltato si traduce quindi in italiano con <em>Il concerto per oboe in Do maggiore.<\/em><\/p>\n\n\n\n<p>Scrivi adesso in italiano i titoli delle seguenti composizioni:<\/p>\n\n\n\n<p><strong>Cello concerto in D minor<\/strong> =<\/p>\n\n\n\n<p><strong>Viola concerto in A minor<\/strong> =<\/p>\n\n\n\n<p><strong>Piano sonata in G major<\/strong> =<\/p>\n\n\n\n<p><strong>Piano sonata in E minor<\/strong> =<\/p>\n\n\n\n<p><strong>Violin concerto in G minor =<\/strong><\/p>\n","protected":false},"excerpt":{"rendered":"<p>LEGGIAMO Domenico Cimarosa nacque ad Aversa, situata ad una ventina di chilometri da Napoli, nel 1749. La sua era una<\/p>\n","protected":false},"author":2,"featured_media":0,"parent":444,"menu_order":0,"comment_status":"closed","ping_status":"closed","template":"","meta":{"footnotes":""},"class_list":["post-446","page","type-page","status-publish","hentry"],"_links":{"self":[{"href":"https:\/\/capitalitaliane.lrc.columbia.edu\/index.php?rest_route=\/wp\/v2\/pages\/446","targetHints":{"allow":["GET"]}}],"collection":[{"href":"https:\/\/capitalitaliane.lrc.columbia.edu\/index.php?rest_route=\/wp\/v2\/pages"}],"about":[{"href":"https:\/\/capitalitaliane.lrc.columbia.edu\/index.php?rest_route=\/wp\/v2\/types\/page"}],"author":[{"embeddable":true,"href":"https:\/\/capitalitaliane.lrc.columbia.edu\/index.php?rest_route=\/wp\/v2\/users\/2"}],"replies":[{"embeddable":true,"href":"https:\/\/capitalitaliane.lrc.columbia.edu\/index.php?rest_route=%2Fwp%2Fv2%2Fcomments&post=446"}],"version-history":[{"count":6,"href":"https:\/\/capitalitaliane.lrc.columbia.edu\/index.php?rest_route=\/wp\/v2\/pages\/446\/revisions"}],"predecessor-version":[{"id":1022,"href":"https:\/\/capitalitaliane.lrc.columbia.edu\/index.php?rest_route=\/wp\/v2\/pages\/446\/revisions\/1022"}],"up":[{"embeddable":true,"href":"https:\/\/capitalitaliane.lrc.columbia.edu\/index.php?rest_route=\/wp\/v2\/pages\/444"}],"wp:attachment":[{"href":"https:\/\/capitalitaliane.lrc.columbia.edu\/index.php?rest_route=%2Fwp%2Fv2%2Fmedia&parent=446"}],"curies":[{"name":"wp","href":"https:\/\/api.w.org\/{rel}","templated":true}]}}