{"id":580,"date":"2022-01-21T14:31:05","date_gmt":"2022-01-21T14:31:05","guid":{"rendered":"https:\/\/capitalitaliane.lrc.columbia.edu\/?page_id=580"},"modified":"2022-08-26T19:20:24","modified_gmt":"2022-08-26T19:20:24","slug":"musica","status":"publish","type":"page","link":"https:\/\/capitalitaliane.lrc.columbia.edu\/?page_id=580","title":{"rendered":"Musica"},"content":{"rendered":"\n<h4 class=\"wp-block-heading\">M\u00e5neskin<\/h4>\n\n\n\n<p>I\u00a0<strong>M\u00e5neskin<\/strong>\u00a0sono un\u00a0gruppo musicale\u00a0rock\u00a0italiano\u00a0che si \u00e8 formato a\u00a0Roma\u00a0nel 2016 e composto da Damiano David (voce), Victoria De Angelis (basso), Thomas Raggi (chitarra) ed Ethan Torchio (batteria). Hanno raggiunto la notoriet\u00e0 in Italia nel 2017, dopo aver partecipato all&#8217;undicesima edizione\u00a0di\u00a0X Factor, quando hanno firmato un contratto con l&#8217;etichetta discografica\u00a0Sony Music. L&#8217;anno seguente \u00e8 uscito l&#8217;album di debutto\u00a0<em>Il ballo della vita<\/em>, contenente il singolo\u00a0\u201dTorna a casa\u201d, che ha consacrato il gruppo a livello nazionale, permettendogli di intraprendere una lunga tourn\u00e9e tutta\u00a0 esaurita (sold out). Nel 2021 \u00e8 stato pubblicato il secondo album\u00a0<em>Teatro d&#8217;ira, <\/em>contenente il brano\u00a0\u201dZitti e buoni\u201d con cui i M<strong>\u00e5<\/strong>neskin hanno trionfato alla\u00a071\u00aa edizione del Festival di Sanremo\u00a0e alla\u00a065\u00aa edizione dell&#8217;Eurovision Song Contest. Dopo la vittoria all\u2019Euovision.<\/p>\n\n\n\n<p><strong>Dopo aver letto il paragrafo, indica se le seguenti frasi sono vere o false:<\/strong><\/p>\n\n\n\n<ol class=\"wp-block-list\"><li>L\u2019unica ragazza del gruppo non canta V F<\/li><li>Sfortunatamente non hanno ancora un contratto con una buona casa discografica V F<\/li><li>Ai loro concerti sono andati moltissimi fan V F<\/li><li>All\u2019Eurofivion Song Contest i M\u00e5neskin hanno avuto uno scarso successo V F<\/li><\/ol>\n\n\n\n<h4 class=\"wp-block-heading\">Guardiamo<\/h4>\n\n\n\n<p><em>Adesso guarda il video e completa il testo della canzone \u201cTorna a casa\u201d<\/em><\/p>\n\n\n\n<p>Cammino per la mia citt\u00e0 dd il vento soffia forte<br>Mi son lasciato tutto indietro e il sole all\u2019________________<br>Vedo le case, da lontano, hanno chiuso le porte<br>Ma per ____________ ho la sua mano e le sue guance rosse<br>Lei mi ha raccolto da per terra coperto di spine<br>Coi morsi di mille _____________ fermo per le spire<br>Non ha ascoltato quei bastardi e il loro maledire<br>Con uno sguardo mi ha ____________ a prendere e partire<br>Che questo \u00e8 un viaggio che nessuno prima d&#8217;ora ha fatto<br>Alice, le sue ______________ e il Cappellaio Matto<br>Cammineremo per &#8216;sta strada e non sar\u00f2 mai stanco<br>Fino a che il tempo porter\u00e0 sui tuoi capelli il bianco<br>Che mi \u00e8 __________ un foglio in mano e mezza sigaretta<br>Restiamo un po&#8217; di tempo ancora, tanto non c&#8217;\u00e8 fretta<br>Che c&#8217;ho una frase scritta in testa ma non l&#8217;ho mai __________<br>Perch\u00e9 la vita, _________ te, non pu\u00f2 essere perfetta<\/p>\n\n\n\n<p>Quindi Marlena torna a casa, che il freddo qua si fa sentire<br>Quindi Marlena torna a casa, che non voglio pi\u00f9 aspettare<br>Quindi Marlena torna a casa, che il freddo qua si fa sentire<br>Quindi Marlena torna a casa, che ho paura di sparire<\/p>\n\n\n\n<p>E il cielo piano piano qua diventa _____________<br>Il sole ___________le debolezze della gente<br>Una lacrima salata bagna la mia guancia mentre<br>Lei con la mano mi accarezza in viso ____________<br>Col sangue sulle mani scaler\u00f2 tutte le vette<br>Voglio arrivare dove l\u2019___________umano si interrompe<br>Per imparare a perdonare tutte le mie colpe<br>Perch\u00e9 anche gli _________, a volte, han paura della morte<br>Che mi \u00e8 rimasto un foglio in mano e mezza sigaretta<br>__________ via da chi c&#8217;ha troppa sete di vendetta<br>Da questa Terra ferma perch\u00e9 ormai la sento stretta<br>Ieri ero quiete perch\u00e9 oggi sar\u00f2 la ___________<\/p>\n\n\n\n<p>Quindi Marlena torna a casa, che il freddo qua si fa sentire<br>Quindi Marlena torna a casa, che non voglio pi\u00f9 aspettare<br>Quindi Marlena torna a casa, che il freddo qua si fa sentire<br>Quindi Marlena torna a casa, che non voglio pi\u00f9&nbsp;<\/p>\n\n\n\n<p>Prima di te ero solo un__________, ora lascia che ti racconti<br>Avevo una _________ sgualcita e portavo tagli sui polsi<br>Oggi mi sento benedetto e non trovo niente da aggiungere<br>Questa citt\u00e0 si affaccer\u00e0 _____________ ci vedr\u00e0 giungere<br>Ero in bilico tra l&#8217;essere vittima, essere giudice<br>Era un brivido che _______________a luce dentro le tenebre<br>E ti libera da queste catene splendenti, lucide<br>Ed il dubbio o no, se fossero morti ___________ rinascite<\/p>\n\n\n\n<p>Quindi Marlena torna a casa, che il freddo qua si fa sentire<br>Quindi Marlena torna a casa, che non voglio pi\u00f9 aspettare<br>Quindi Marlena torna a casa, che il freddo qua si fa sentire<br>Quindi Marlena torna a casa, che non voglio pi\u00f9 sparire<\/p>\n\n\n\n<p>Ah, ah, ah, ah<br>Ah, ah, ah, rai, rai, rai, ra-ah<\/p>\n\n\n\n<p>Quindi Marlena torna a casa che il ___________ qua si fa sentire<br>Quindi Marlena torna a casa che ho paura di sparire.<\/p>\n\n\n\n<p><strong>Adesso scrivi una sintesi della canzone non pi\u00f9 lunga di 2- 3 righe. Di che cosa parla?<\/strong><\/p>\n","protected":false},"excerpt":{"rendered":"<p>M\u00e5neskin I\u00a0M\u00e5neskin\u00a0sono un\u00a0gruppo musicale\u00a0rock\u00a0italiano\u00a0che si \u00e8 formato a\u00a0Roma\u00a0nel 2016 e composto da Damiano David (voce), Victoria De Angelis (basso), Thomas<\/p>\n","protected":false},"author":2,"featured_media":0,"parent":73,"menu_order":3,"comment_status":"closed","ping_status":"closed","template":"","meta":{"footnotes":""},"class_list":["post-580","page","type-page","status-publish","hentry"],"_links":{"self":[{"href":"https:\/\/capitalitaliane.lrc.columbia.edu\/index.php?rest_route=\/wp\/v2\/pages\/580","targetHints":{"allow":["GET"]}}],"collection":[{"href":"https:\/\/capitalitaliane.lrc.columbia.edu\/index.php?rest_route=\/wp\/v2\/pages"}],"about":[{"href":"https:\/\/capitalitaliane.lrc.columbia.edu\/index.php?rest_route=\/wp\/v2\/types\/page"}],"author":[{"embeddable":true,"href":"https:\/\/capitalitaliane.lrc.columbia.edu\/index.php?rest_route=\/wp\/v2\/users\/2"}],"replies":[{"embeddable":true,"href":"https:\/\/capitalitaliane.lrc.columbia.edu\/index.php?rest_route=%2Fwp%2Fv2%2Fcomments&post=580"}],"version-history":[{"count":6,"href":"https:\/\/capitalitaliane.lrc.columbia.edu\/index.php?rest_route=\/wp\/v2\/pages\/580\/revisions"}],"predecessor-version":[{"id":970,"href":"https:\/\/capitalitaliane.lrc.columbia.edu\/index.php?rest_route=\/wp\/v2\/pages\/580\/revisions\/970"}],"up":[{"embeddable":true,"href":"https:\/\/capitalitaliane.lrc.columbia.edu\/index.php?rest_route=\/wp\/v2\/pages\/73"}],"wp:attachment":[{"href":"https:\/\/capitalitaliane.lrc.columbia.edu\/index.php?rest_route=%2Fwp%2Fv2%2Fmedia&parent=580"}],"curies":[{"name":"wp","href":"https:\/\/api.w.org\/{rel}","templated":true}]}}