{"id":698,"date":"2022-01-28T18:21:36","date_gmt":"2022-01-28T18:21:36","guid":{"rendered":"https:\/\/capitalitaliane.lrc.columbia.edu\/?page_id=698"},"modified":"2022-01-28T18:24:03","modified_gmt":"2022-01-28T18:24:03","slug":"geografia-storia","status":"publish","type":"page","link":"https:\/\/capitalitaliane.lrc.columbia.edu\/?page_id=698","title":{"rendered":"Geografia &#038; Storia"},"content":{"rendered":"\n<p>Genova ha una delle posizioni pi\u00f9 pittoresche del Mediterraneo. La citt\u00e0 si erge infatti su un piccolo golfo ed ha alle spalle una catena di montagne. Il clima \u00e8 caratterizzato da grande piovosit\u00e0 e bruschi abbassamenti di temperatura. Nella zona dominano venti apportatori di piogge e di maccaia. Nevica raramente e non vi \u00e8 siccit\u00e0 estiva. La temperatura annuale va dagli 8 ai 23 gradi centigradi.<\/p>\n\n\n\n<h4 class=\"wp-block-heading\">Storia<\/h4>\n\n\n\n<p>Genova \u00e8 una citt\u00e0 antichissima il cui nome deriva dalla parola celtica per \u201centrata\u201d. Genova infatti \u00e8 sempre stata un accesso costiero verso il Nord d\u2019Italia.<\/p>\n\n\n\n<p>Dopo ch\u2019era stata distrutta dal cartaginese Annibale nel 205 a.c., i romani la ricostruirono, ne ingrandirono il porto e la dotarono di mura difensive. Questo premise alla citt\u00e0 di diventare il centro commerciale e marittimo della regione.<\/p>\n\n\n\n<p>Molto pi\u00f9 tardi, quando Carlo Magno divenne imperatore, Genova divent\u00f2 una parte del suo grande impero e le vennero concessi molti privilegi. Questa citt\u00e0, che era rimasta indipendente durante le invasioni barbariche, <strong>fu<\/strong> oggetto delle mire dei Normanni e dei Saraceni. Questi ultimi la <strong>attaccaraono<\/strong> varie volte, ma Genova non <strong>soccombette<\/strong>.<\/p>\n\n\n\n<p>Un\u2019epoca staordinariamente importante per Genova fu il Medioevo. In quest\u2019epoca infatti Genova partecip\u00f2 alle Crociate, perlopi\u00f9 per trovare nuovi sbocchi commerciali, e insieme a Pisa cominci\u00f2 a dominare gran parte del Mediterraneo.<\/p>\n\n\n\n<p>Il Cinquecento \u00e8 stato denominato il \u201csecolo dei genovesi\u201d perch\u00e9 in questo secolo Genova divent\u00f2 una grandissima potenza economica, in grado persino di prestare denaro alle maggiori corti europee. Quello era il tempo in cui gli interessi commerciali dei genovesi si orientarono i verso nuovi mercati atlantici, che si erano aperti da poco, in seguito ai viaggi finanziati dai sovrani spagnoli. Grazie a questa fioritura economica, Genova si arricch\u00ec di splendidi palazzi e opere d\u2019arte.<\/p>\n\n\n\n<p>Nel Seicento Genova fu costretta ad erigere una ponderosa cinta muraria per difendersi da aggressioni straniere. Infine, nel 1815 cade sotto il dominio del Regno di Sardegna.<\/p>\n\n\n\n<p>Nel Novecento la storia di Genova era legata ovviamente a quella della nazione che \u00e8 passata attraverso la prima guerra mondiale, il fascismo e la seconda guerra mondiale. Nel secondo dopoguerra Genova ha perso il suo carattere mercantile ed \u00e8 diventata, con Torino e Milano, un lato importante del triangolo industriale del Nord Italia, perch\u00e9 vi sono sorte varie industrie, tra cui acciaierie, cantieri navali e zuccherifici.<\/p>\n\n\n\n<h4 class=\"wp-block-heading\"><strong>Genova dal medioevo ad oggi<\/strong><\/h4>\n\n\n\n<p>Nel video che vedrai il critico Philippe Daverio racconta la storia di Genova, parlando della sua rivalit\u00e0 con altre capitali del mare: Pisa e Venezia. Nel suo percorso, mostrer\u00e0 anche i palazzi delle famiglie genovesi che si arricchirono con il commercio e furono sempre in lotta tra loro. Guardalo e rispondi per scritto alle domande:<\/p>\n\n\n\n<figure class=\"wp-block-embed is-type-video is-provider-youtube wp-block-embed-youtube wp-embed-aspect-4-3 wp-has-aspect-ratio\"><div class=\"wp-block-embed__wrapper\">\n<iframe loading=\"lazy\" title=\"GENOVA e la sua Grande Storia  (Passepartout - Philippe Daverio 2-5-2004).avi\" width=\"800\" height=\"600\" src=\"https:\/\/www.youtube.com\/embed\/_D5nrO9_sQU?start=1&#038;feature=oembed\" frameborder=\"0\" allow=\"accelerometer; autoplay; clipboard-write; encrypted-media; gyroscope; picture-in-picture\" allowfullscreen><\/iframe>\n<\/div><\/figure>\n","protected":false},"excerpt":{"rendered":"<p>Genova ha una delle posizioni pi\u00f9 pittoresche del Mediterraneo. La citt\u00e0 si erge infatti su un piccolo golfo ed ha<\/p>\n","protected":false},"author":2,"featured_media":0,"parent":66,"menu_order":0,"comment_status":"closed","ping_status":"closed","template":"","meta":{"footnotes":""},"class_list":["post-698","page","type-page","status-publish","hentry"],"_links":{"self":[{"href":"https:\/\/capitalitaliane.lrc.columbia.edu\/index.php?rest_route=\/wp\/v2\/pages\/698","targetHints":{"allow":["GET"]}}],"collection":[{"href":"https:\/\/capitalitaliane.lrc.columbia.edu\/index.php?rest_route=\/wp\/v2\/pages"}],"about":[{"href":"https:\/\/capitalitaliane.lrc.columbia.edu\/index.php?rest_route=\/wp\/v2\/types\/page"}],"author":[{"embeddable":true,"href":"https:\/\/capitalitaliane.lrc.columbia.edu\/index.php?rest_route=\/wp\/v2\/users\/2"}],"replies":[{"embeddable":true,"href":"https:\/\/capitalitaliane.lrc.columbia.edu\/index.php?rest_route=%2Fwp%2Fv2%2Fcomments&post=698"}],"version-history":[{"count":2,"href":"https:\/\/capitalitaliane.lrc.columbia.edu\/index.php?rest_route=\/wp\/v2\/pages\/698\/revisions"}],"predecessor-version":[{"id":701,"href":"https:\/\/capitalitaliane.lrc.columbia.edu\/index.php?rest_route=\/wp\/v2\/pages\/698\/revisions\/701"}],"up":[{"embeddable":true,"href":"https:\/\/capitalitaliane.lrc.columbia.edu\/index.php?rest_route=\/wp\/v2\/pages\/66"}],"wp:attachment":[{"href":"https:\/\/capitalitaliane.lrc.columbia.edu\/index.php?rest_route=%2Fwp%2Fv2%2Fmedia&parent=698"}],"curies":[{"name":"wp","href":"https:\/\/api.w.org\/{rel}","templated":true}]}}