{"id":830,"date":"2022-04-01T19:43:41","date_gmt":"2022-04-01T19:43:41","guid":{"rendered":"https:\/\/capitalitaliane.lrc.columbia.edu\/?page_id=830"},"modified":"2022-04-01T19:43:43","modified_gmt":"2022-04-01T19:43:43","slug":"episodio-4","status":"publish","type":"page","link":"https:\/\/capitalitaliane.lrc.columbia.edu\/?page_id=830","title":{"rendered":"Episodio 4"},"content":{"rendered":"\n<h4 class=\"wp-block-heading\"><em>La smarginatura<\/em><\/h4>\n\n\n\n<p>Galleria dei personaggi principali dell\u2019episodio:&nbsp;<\/p>\n\n\n\n<ul class=\"wp-block-list\"><li>Pasquale Peluso<\/li><li>Michele e Marcello Solara<\/li><li>Stefano Carracci<\/li><li>Rino e Lila Cerullo<\/li><li>Elena Greco\u00a0<\/li><li>Antonio Cappuccio<\/li><li>Pasquale Peluso<\/li><\/ul>\n\n\n\n<h4 class=\"wp-block-heading\">Trama\u00a0<\/h4>\n\n\n\n<ol class=\"wp-block-list\"><li>Dove accompagna sua figlia Elena il signor Greco? A chi la vuole presentare?<\/li><li>Che cosa spiega a Elena suo padre?\u00a0<\/li><li>Che cosa vede Elena per la prima volta?<\/li><li>Che cos\u2019ha preso in prestito dalla biblioteca Lila? E cosa scopre Elena a casa sua?<\/li><li>Che cosa c\u2019\u00e8 di particolare nella festa della madre di Gigliola per il suo onomastico?<\/li><li>Che cosa ballano i ragazzi? E cosa ci dice questo?<\/li><li>Vanno tutti d\u2019amore e d\u2019accordo alla festa? Che cosa vogliono fare Pasquale e Antonio?<\/li><li>Che cosa spiega Pasquale a Lila sulla guerra?<\/li><li>Chi rivede Elena al liceo durante la ricreazione? E\u2019 ancora interessata a lui?<\/li><li>Di cosa parlano Elena e Lila, mentre mangiano un panino nella bottega di Lila?<\/li><li>Perch\u00e9 Elena \u00e8 contenta di essere al liceo? Chi \u00e8 Gino e di chi \u00e8 figlio?<\/li><li>Qual \u00e8 la causa della tensione tra Lila e suo fratello Rino?<\/li><li>Chi invita Elena e Lila sulla sua terrazza a festeggiare il Capodanno con i fuochi d\u2019artificio?<\/li><li>Che cosa pensano Lila, Elena, Rino, Pasquale e Antonio sul significato di quest\u2019invito? Vanno poi tutti a quella festa?<\/li><li>Che cosa dice Stefano Carracci con il suo discorso durante il brindisi?<\/li><li>Perch\u00e9 Elena pensa ad una guerra civile, mentre i ragazzi sparano i fuochi d\u2019artificio sulla terrazza dei Carracci? Chi c\u2019\u00e8 sulla terrazza di fronte?<\/li><li>Che cosa scopre Lila su suo fratello Rino?<\/li><\/ol>\n\n\n\n<h4 class=\"wp-block-heading\">Amicizia<\/h4>\n\n\n\n<p>Elena si rende conto che Lila \u00e8 sempre pi\u00f9 avanti di lei \u201ccome se andasse ad una scuola segreta\u201d e questo suscita in lei il desiderio se non di competere almeno di non essere da meno.<\/p>\n","protected":false},"excerpt":{"rendered":"<p>La smarginatura Galleria dei personaggi principali dell\u2019episodio:&nbsp; Pasquale Peluso Michele e Marcello Solara Stefano Carracci Rino e Lila Cerullo Elena<\/p>\n","protected":false},"author":2,"featured_media":0,"parent":470,"menu_order":3,"comment_status":"closed","ping_status":"closed","template":"","meta":{"footnotes":""},"class_list":["post-830","page","type-page","status-publish","hentry"],"_links":{"self":[{"href":"https:\/\/capitalitaliane.lrc.columbia.edu\/index.php?rest_route=\/wp\/v2\/pages\/830","targetHints":{"allow":["GET"]}}],"collection":[{"href":"https:\/\/capitalitaliane.lrc.columbia.edu\/index.php?rest_route=\/wp\/v2\/pages"}],"about":[{"href":"https:\/\/capitalitaliane.lrc.columbia.edu\/index.php?rest_route=\/wp\/v2\/types\/page"}],"author":[{"embeddable":true,"href":"https:\/\/capitalitaliane.lrc.columbia.edu\/index.php?rest_route=\/wp\/v2\/users\/2"}],"replies":[{"embeddable":true,"href":"https:\/\/capitalitaliane.lrc.columbia.edu\/index.php?rest_route=%2Fwp%2Fv2%2Fcomments&post=830"}],"version-history":[{"count":1,"href":"https:\/\/capitalitaliane.lrc.columbia.edu\/index.php?rest_route=\/wp\/v2\/pages\/830\/revisions"}],"predecessor-version":[{"id":831,"href":"https:\/\/capitalitaliane.lrc.columbia.edu\/index.php?rest_route=\/wp\/v2\/pages\/830\/revisions\/831"}],"up":[{"embeddable":true,"href":"https:\/\/capitalitaliane.lrc.columbia.edu\/index.php?rest_route=\/wp\/v2\/pages\/470"}],"wp:attachment":[{"href":"https:\/\/capitalitaliane.lrc.columbia.edu\/index.php?rest_route=%2Fwp%2Fv2%2Fmedia&parent=830"}],"curies":[{"name":"wp","href":"https:\/\/api.w.org\/{rel}","templated":true}]}}