{"id":832,"date":"2022-04-04T22:33:30","date_gmt":"2022-04-04T22:33:30","guid":{"rendered":"https:\/\/capitalitaliane.lrc.columbia.edu\/?page_id=832"},"modified":"2022-04-04T22:42:17","modified_gmt":"2022-04-04T22:42:17","slug":"episodio-5","status":"publish","type":"page","link":"https:\/\/capitalitaliane.lrc.columbia.edu\/?page_id=832","title":{"rendered":"Episodio 5"},"content":{"rendered":"\n<h4 class=\"wp-block-heading\">Il centro storico di Napoli<\/h4>\n\n\n\n<p>Come vedremo in quest\u2019episodio, Lila Elena, Rino, Alfonso e Carmela decidono di andare nel centro storico di Napoli. Lila e Elena sono entusiaste. Non avevano mai visto la Piazza del Plebiscito.&nbsp; Guardiamo questo video e ascoltiamo la storia di questa piazza, la pi\u00f9 grande d\u2019Italia.<\/p>\n\n\n\n<figure class=\"wp-block-embed is-type-video is-provider-youtube wp-block-embed-youtube wp-embed-aspect-16-9 wp-has-aspect-ratio\"><div class=\"wp-block-embed__wrapper\">\n<iframe loading=\"lazy\" title=\"[Art Advisor]Piazza del Plebiscito - La sua costruzione e storia - Napoli [Audioguida ITA]\" width=\"800\" height=\"450\" src=\"https:\/\/www.youtube.com\/embed\/6nqSB5NSqcA?feature=oembed\" frameborder=\"0\" allow=\"accelerometer; autoplay; clipboard-write; encrypted-media; gyroscope; picture-in-picture\" allowfullscreen><\/iframe>\n<\/div><\/figure>\n\n\n\n<ol class=\"wp-block-list\"><li>Dove si trova a Napoli Piazza del Plebiscito? <strong>Cercala sulla mappa!<\/strong><\/li><li>Che forma ha questa piazza?&nbsp;<\/li><li>Quali statue vi si trovano? Sono state fatte dallo stesso scultore?<\/li><li>Quanti palazzi vi si trovano?<\/li><li>Come si chiamava il generale francese che nel 1808 fu nominato re di Napoli da Napoleone? Che cosa fece contro i monasteri?<\/li><li>Quando venne costruita la basilica dedicata a San Francesco di Paola?<\/li><li>Quando si diede alla piazza il nome di Piazza del Plebiscito e perch\u00e9?<\/li><li>Che cosa successe alla piazza nel 1963? E per quale occasione torn\u00f2 ad essere quella di prima?<\/li><\/ol>\n\n\n\n<h4 class=\"wp-block-heading\">Ricerca. Piazza del Plebiscito <\/h4>\n\n\n\n<h4 class=\"wp-block-heading\">Via Toledo<\/h4>\n\n\n\n<h4 class=\"wp-block-heading\">Vocabolario essenziale<\/h4>\n\n\n<div class=\"h5p-iframe-wrapper\"><iframe id=\"h5p-iframe-7\" class=\"h5p-iframe\" data-content-id=\"7\" style=\"height:1px\" src=\"about:blank\" frameBorder=\"0\" scrolling=\"no\" title=\"Episodio 5 - Vocabolario essenziale\"><\/iframe><\/div>\n\n\n<h4 class=\"wp-block-heading\">Trama<\/h4>\n\n\n\n<p>Volendo chiedere la mano di Lila di cui \u00e8 molto innamorato, Marcello cerca di conquistare ed anche di comprare la fiducia sia di Rino che di Fernando, il padre. Lila per\u00f2&nbsp; sembra non aver alcuna intenzione di sposare Marcello perch\u00e9 \u00e8 un ragazzo violento e spaccone.<\/p>\n\n\n\n<p>Pur di sposare Lila, Marcello aiuta Rino durante una rissa scoppiata nel centro di Napoli per futili motivi e finge anche d\u2019 interessarsi alle scarpe realizzate da Lila e Rino. Per Lila quel nuovo modello di scarpe, comode ed eleganti \u00e8 importantissimo perch\u00e9 lei spera di arricchirsi vendendone un gran numero.&nbsp;<\/p>\n\n\n\n<p>Elena \u00e8 dispiaciuta perch\u00e9 non pu\u00f2 aiutare l\u2019amica: su consiglio della vecchia maestra delle elementari, quell\u2019estate deve partire per Ischia. Lila per\u00f2 non ce l\u2019ha con lei e l\u2019invita a divertirsi e la stessa Elena si rende conto che finalmente potr\u00e0 assaporare la libert\u00e0 che le \u00e8 sempre mancata.<\/p>\n\n\n\n<ol class=\"wp-block-list\"><li>Perch\u00e9 Rino \u00e8 arrabbiato con sua sorella Lila?<\/li><li>Che cosa pensa il padre delle scarpe che hanno fatto i suoi figli Lila e Rino?<\/li><li>Su che cosa scrive Elena il tema per cui ottiene il voto di 10 (A+)? E di chi sono veramente le parole che il professore legge a tutta la classe?<\/li><li>Chi ha fatto la dichiarazione d\u2019amore a Lila?<\/li><li>Perch\u00e9 Rino non vuole andare in un\u2019elegante gelateria del centro?<\/li><li>Che cosa fa Rino sotto i portici? Qual \u00e8 la conseguenza? Chi interviene per aiutare Rino e Pasquale?<\/li><li>Che cosa racconta Rino a suo padre invece di dirgli che si \u00e8 picchiato con dei ragazzi in centro?<\/li><li>Come si comporta Marcello, quando pranza a casa di Lila? E Lila \u00e8 contenta per il suo interesse per lei?<\/li><li>Che cosa vuole che faccia Elena, che ha preso voti bellissimi in tutte le materie, la maestra Oliviero?<\/li><li>Chi accompagna Elena al battello per Ischia?<\/li><\/ol>\n","protected":false},"excerpt":{"rendered":"<p>Il centro storico di Napoli Come vedremo in quest\u2019episodio, Lila Elena, Rino, Alfonso e Carmela decidono di andare nel centro<\/p>\n","protected":false},"author":2,"featured_media":0,"parent":470,"menu_order":4,"comment_status":"closed","ping_status":"closed","template":"","meta":{"footnotes":""},"class_list":["post-832","page","type-page","status-publish","hentry"],"_links":{"self":[{"href":"https:\/\/capitalitaliane.lrc.columbia.edu\/index.php?rest_route=\/wp\/v2\/pages\/832","targetHints":{"allow":["GET"]}}],"collection":[{"href":"https:\/\/capitalitaliane.lrc.columbia.edu\/index.php?rest_route=\/wp\/v2\/pages"}],"about":[{"href":"https:\/\/capitalitaliane.lrc.columbia.edu\/index.php?rest_route=\/wp\/v2\/types\/page"}],"author":[{"embeddable":true,"href":"https:\/\/capitalitaliane.lrc.columbia.edu\/index.php?rest_route=\/wp\/v2\/users\/2"}],"replies":[{"embeddable":true,"href":"https:\/\/capitalitaliane.lrc.columbia.edu\/index.php?rest_route=%2Fwp%2Fv2%2Fcomments&post=832"}],"version-history":[{"count":6,"href":"https:\/\/capitalitaliane.lrc.columbia.edu\/index.php?rest_route=\/wp\/v2\/pages\/832\/revisions"}],"predecessor-version":[{"id":839,"href":"https:\/\/capitalitaliane.lrc.columbia.edu\/index.php?rest_route=\/wp\/v2\/pages\/832\/revisions\/839"}],"up":[{"embeddable":true,"href":"https:\/\/capitalitaliane.lrc.columbia.edu\/index.php?rest_route=\/wp\/v2\/pages\/470"}],"wp:attachment":[{"href":"https:\/\/capitalitaliane.lrc.columbia.edu\/index.php?rest_route=%2Fwp%2Fv2%2Fmedia&parent=832"}],"curies":[{"name":"wp","href":"https:\/\/api.w.org\/{rel}","templated":true}]}}