{"id":873,"date":"2022-04-08T14:32:53","date_gmt":"2022-04-08T14:32:53","guid":{"rendered":"https:\/\/capitalitaliane.lrc.columbia.edu\/?page_id=873"},"modified":"2022-04-08T14:32:53","modified_gmt":"2022-04-08T14:32:53","slug":"geografia","status":"publish","type":"page","link":"https:\/\/capitalitaliane.lrc.columbia.edu\/?page_id=873","title":{"rendered":"Geografia"},"content":{"rendered":"\n<p>La capitale d\u2019Italia, che conta circa 2.800.000 abitanti, giace su una superficie di 1287,36&nbsp;km<sup>2<\/sup>. Il territorio su cui si estende Roma, molto vicina alla costa tirrenica, \u00e8 piuttosto vario: vi sono zone pianeggianti, il fiume Tevere e i suoi affluenti, le marrane e laghi sia naturali che artificiali, rilievi montuosi e colline.&nbsp;<\/p>\n\n\n\n<p>La citt\u00e0<strong> <\/strong>comprende <strong>sette colli<\/strong>:<\/p>\n\n\n\n<p>Palatino,\u00a0Aventino,\u00a0Campidoglio,\u00a0Quirinale,\u00a0Viminale,\u00a0Esquilino\u00a0e\u00a0Celio. Anche nel centro storico troviamo dei colli\u00a0Gianicolo,\u00a0Pincio\u00a0e\u00a0Vaticano, e cos\u00ec pure rilievi artificiali come il \u00a0Monte Testaccio\u00a0e\u00a0Monte Giordano. Le colline pi\u00f9 alte si trovano fuori dalle mura. Fra queste vi sono Monte Mario, Monte Antenne, i\u00a0Monti Parioli,\u00a0Montesacro\u00a0e\u00a0Monteverde.<\/p>\n\n\n\n<p>I <strong>fiumi<\/strong> che attraversano la citt\u00e0 sono il\u00a0Tevere e l&#8217;Aniene, e da piccoli corsi d&#8217;acqua come l&#8217;Almone\u00a0e i numerosi fossi o\u00a0<em>marrane<\/em>\u00a0dell&#8217;Agro romano.\u00a0<\/p>\n\n\n\n<p>Il <strong>clima<\/strong> di Roma \u00e8 un clima mite con estati calde mitigate sul lato occidentale della citt\u00e0, pi\u00f9 vicino al mare dallo zefiro, vento che spira dall\u2019Ovest a Est. Le precipitazioni nelle stagioni intermedie sono piuttosto moderate. A Roma la neve \u00e8 poco frequente.<\/p>\n\n\n\n<h4 class=\"wp-block-heading\">Ricerca<\/h4>\n\n\n\n<p>Divisi 5 gruppi, create una (un\u2019unica) mappa interattiva in cui si vedano e si decrivano<\/p>\n\n\n\n<ol class=\"wp-block-list\"><li>i fiumi e i corsi d\u2019acqua che attraversano il territorio romano<\/li><li>I laghi naturali e quelli artificiali<\/li><li>I 7 colli<\/li><li>I colli Gianicolo, Pincio, Vaticano, Monte Testaccio e Monte Giordano<\/li><li>Le colline fuori dalle mura: Monte Mario, Monte Antenne, Monti Parioli, Montesacro e Monteverde.<\/li><\/ol>\n","protected":false},"excerpt":{"rendered":"<p>La capitale d\u2019Italia, che conta circa 2.800.000 abitanti, giace su una superficie di 1287,36&nbsp;km2. Il territorio su cui si estende<\/p>\n","protected":false},"author":2,"featured_media":0,"parent":574,"menu_order":0,"comment_status":"closed","ping_status":"closed","template":"","meta":{"footnotes":""},"class_list":["post-873","page","type-page","status-publish","hentry"],"_links":{"self":[{"href":"https:\/\/capitalitaliane.lrc.columbia.edu\/index.php?rest_route=\/wp\/v2\/pages\/873","targetHints":{"allow":["GET"]}}],"collection":[{"href":"https:\/\/capitalitaliane.lrc.columbia.edu\/index.php?rest_route=\/wp\/v2\/pages"}],"about":[{"href":"https:\/\/capitalitaliane.lrc.columbia.edu\/index.php?rest_route=\/wp\/v2\/types\/page"}],"author":[{"embeddable":true,"href":"https:\/\/capitalitaliane.lrc.columbia.edu\/index.php?rest_route=\/wp\/v2\/users\/2"}],"replies":[{"embeddable":true,"href":"https:\/\/capitalitaliane.lrc.columbia.edu\/index.php?rest_route=%2Fwp%2Fv2%2Fcomments&post=873"}],"version-history":[{"count":1,"href":"https:\/\/capitalitaliane.lrc.columbia.edu\/index.php?rest_route=\/wp\/v2\/pages\/873\/revisions"}],"predecessor-version":[{"id":875,"href":"https:\/\/capitalitaliane.lrc.columbia.edu\/index.php?rest_route=\/wp\/v2\/pages\/873\/revisions\/875"}],"up":[{"embeddable":true,"href":"https:\/\/capitalitaliane.lrc.columbia.edu\/index.php?rest_route=\/wp\/v2\/pages\/574"}],"wp:attachment":[{"href":"https:\/\/capitalitaliane.lrc.columbia.edu\/index.php?rest_route=%2Fwp%2Fv2%2Fmedia&parent=873"}],"curies":[{"name":"wp","href":"https:\/\/api.w.org\/{rel}","templated":true}]}}