{"id":91,"date":"2021-08-30T20:54:38","date_gmt":"2021-08-30T20:54:38","guid":{"rendered":"https:\/\/capitalitaliane.lrc.columbia.edu\/?page_id=91"},"modified":"2022-08-26T10:14:29","modified_gmt":"2022-08-26T10:14:29","slug":"music","status":"publish","type":"page","link":"https:\/\/capitalitaliane.lrc.columbia.edu\/?page_id=91","title":{"rendered":"Musica"},"content":{"rendered":"\n<p>Agricantus \u00e8 un gruppo musicale di Palermo che si \u00e8 formato nel 1979 e si \u00e8 dedicato ad una mescolanza di generi, di lingue e di dialetti, suoni e strumenti contemporanei e antichi. Agricantus ha iniziato con un\u2019impronta folk e ricerca nella tradizione musicale del meridione italiano. Il gruppo ha raggiunto la maturit\u00e0 artistica nella seconda met\u00e0 degli anni 90, un periodo in cui in Italia era in auge la world music. E\u2019 a questo punto che Agricantus ha iniziato ad usare lingue europee e non europee insieme al dialetto siciliano. Il loro album, <em>Tuareg<\/em>, del 1996, \u00e8 forse il pi\u00f9 rappresentativo di questo periodo. Quest&#8217; album \u00e8 stato registrato nel deserto del Mali con strumenti e musicisti nomadi. A contribuire alla magia di <em>Tuareg<\/em> \u00e8 l&#8217;incantevole canto con vocalizzi ispirati a quelli delle donne berbere e di una tradizione musicale antichissima. Questi sono gli anni in cui Agricantus ha iniziato a creare musica anche per il cinema; tra le loro colonne sonore, c\u00e8 quella per <em>Bagno turco<\/em> del regista Ferzan Ozpetek. Sfortunatamente. la storia di Agricantus \u00e8 stata una storia piuttosto turbolenta, fatta di tante direzioni musicali diverse, di cause legali, di espulsioni e di rotture. Quello che per\u00f2 rimane sempre significativo \u00e8 il fatto che un simile gruppo aperto a cos\u00ec tante influenze straniere sia nato proprio in Sicilia, dove dominazioni diverse hanno generato un grande sincretismo culturale.<\/p>\n\n\n\n<p>Ascoltiamo un brano da <em>Tuareg<\/em>:<\/p>\n\n\n\n<figure class=\"wp-block-embed is-type-video is-provider-youtube wp-block-embed-youtube wp-embed-aspect-4-3 wp-has-aspect-ratio\"><div class=\"wp-block-embed__wrapper\">\nhttps:\/\/www.youtube.com\/watch?v=NWB_g8pKM18\n<\/div><\/figure>\n\n\n\n<h4 class=\"wp-block-heading\">Discussione<\/h4>\n\n\n\n<p>Dopo aver ascoltato il brano tratto dall\u2019album <em>Tuareg<\/em>, rispondi alle seguenti domande concernenti il gruppo con FRASI COMPLETE:<\/p>\n\n\n\n<ol class=\"wp-block-list\"><li>Agricantus \u00e8 un gruppo di recente formazione?<\/li><li>Perch\u00e9 possiamo dire che la loro musica \u00e8 caratterizzata da una grande ibridit\u00e0?<\/li><li>Dov\u2019\u00e8 stato registrato l\u2019album Tuareg? Che strumenti sono stati usati?<\/li><li>Che contributo hanno dato al cinema gli Agricantus?<\/li><li>C\u2019\u00e8 sempre stata grande armonia tra i membri del gruppo?<\/li><\/ol>\n\n\n\n<h4 class=\"wp-block-heading\">Ricerca<\/h4>\n\n\n\n<p><strong>I berberi.<\/strong> Chi sono? Dove vivono? Da dove deriva il loro nome? Che strumenti musicali usano? Perch\u00e9 credi che gli Agricantus siano stati affascinati da questo popolo e dalla loro musica?<\/p>\n","protected":false},"excerpt":{"rendered":"<p>Agricantus \u00e8 un gruppo musicale di Palermo che si \u00e8 formato nel 1979 e si \u00e8 dedicato ad una mescolanza<\/p>\n","protected":false},"author":2,"featured_media":0,"parent":23,"menu_order":3,"comment_status":"closed","ping_status":"closed","template":"","meta":{"footnotes":""},"class_list":["post-91","page","type-page","status-publish","hentry"],"_links":{"self":[{"href":"https:\/\/capitalitaliane.lrc.columbia.edu\/index.php?rest_route=\/wp\/v2\/pages\/91","targetHints":{"allow":["GET"]}}],"collection":[{"href":"https:\/\/capitalitaliane.lrc.columbia.edu\/index.php?rest_route=\/wp\/v2\/pages"}],"about":[{"href":"https:\/\/capitalitaliane.lrc.columbia.edu\/index.php?rest_route=\/wp\/v2\/types\/page"}],"author":[{"embeddable":true,"href":"https:\/\/capitalitaliane.lrc.columbia.edu\/index.php?rest_route=\/wp\/v2\/users\/2"}],"replies":[{"embeddable":true,"href":"https:\/\/capitalitaliane.lrc.columbia.edu\/index.php?rest_route=%2Fwp%2Fv2%2Fcomments&post=91"}],"version-history":[{"count":4,"href":"https:\/\/capitalitaliane.lrc.columbia.edu\/index.php?rest_route=\/wp\/v2\/pages\/91\/revisions"}],"predecessor-version":[{"id":938,"href":"https:\/\/capitalitaliane.lrc.columbia.edu\/index.php?rest_route=\/wp\/v2\/pages\/91\/revisions\/938"}],"up":[{"embeddable":true,"href":"https:\/\/capitalitaliane.lrc.columbia.edu\/index.php?rest_route=\/wp\/v2\/pages\/23"}],"wp:attachment":[{"href":"https:\/\/capitalitaliane.lrc.columbia.edu\/index.php?rest_route=%2Fwp%2Fv2%2Fmedia&parent=91"}],"curies":[{"name":"wp","href":"https:\/\/api.w.org\/{rel}","templated":true}]}}