{"id":95,"date":"2021-08-30T20:55:21","date_gmt":"2021-08-30T20:55:21","guid":{"rendered":"https:\/\/capitalitaliane.lrc.columbia.edu\/?page_id=95"},"modified":"2022-03-03T22:03:05","modified_gmt":"2022-03-03T22:03:05","slug":"cinema","status":"publish","type":"page","link":"https:\/\/capitalitaliane.lrc.columbia.edu\/?page_id=95","title":{"rendered":"Cinema"},"content":{"rendered":"\n<h4 class=\"wp-block-heading\">Film ambientati a Palermo<\/h4>\n\n\n\n<ul class=\"wp-block-list\"><li><em>A ciascuno il suo<\/em>, regia di Elio Petri (1967)<\/li><li><em>Cadaveri eccellenti<\/em>, regia di Francesco Rosi (1976)<\/li><li><em>Mery per sempre<\/em>, regia di Marco Risi (1989)<\/li><li><em>Alla luce del sole<\/em>, regia di Roberto Faenza (2005)<\/li><li><em>Angela<\/em>, regia di Roberta Torre (film 2002)<\/li><li><em>Gli angeli di Borsellino<\/em>, regia di Rocco Cesareo (2003)<\/li><li><em>La mafia uccide solo d\u2019estate<\/em>, regia di Pif (2013)<\/li><\/ul>\n\n\n\n<h4 class=\"wp-block-heading\">La mafia uccide solo d&#8217;estate (2013) regia di Pif<br><\/h4>\n\n\n\n<h5 class=\"wp-block-heading\">Trama<\/h5>\n\n\n\n<p>Questo \u00e8 un film commedia ambientato a Palermo che copre un arco di tempo di vent\u2019anni e cio\u00e8 dagli anni 70 agli anni 90. Il film comincia con il racconto di un bambino, Arturo, che cresce in una citt\u00e0 di grande bellezza, ma anche infestata dalla mafia. Questa difficile realt\u00e0 che terrorizza il bambino \u00e8 rischiarata dalla storia del suo amore per Flora, la compagna di scuola di cui s\u2019invaghisce alle elementari e cerca di conquistare. Fanno da sfondo a questa tenera storia d\u2019amore gli omicidi compiuti da Cosa nostra e l\u2019impegno e la lotta dei magistrati anti mafia.<\/p>\n\n\n\n<h4 class=\"wp-block-heading\">Questionario<\/h4>\n\n\n\n<p><em>Rispondere alle domande per scritto e con frasi complete.<\/em><\/p>\n\n\n\n<ol class=\"wp-block-list\"><li>A chi \u00e8 dedicato il film?<\/li><li>In che anno comincia la storia raccontata dal film?<\/li><li>Che cosa succede quando i genitori del protagonista si trasferiscono nella loro nuova casa? Chi vive nello stesso palazzo? Chi gli fa una sorpresa?<\/li><li>Perch\u00e9 il parroco battezza il piccolo Arturo in grande fretta? Da chi vuole andare?<\/li><\/ol>\n\n\n\n<p>Come finisce quest\u2019uomo dieci anni dopo? Che cosa trova la polizia nel suo appartamento?<\/p>\n\n\n\n<ol class=\"wp-block-list\" start=\"5\"><li>Come commenta il parroco l\u2019afasia del piccolo Arturo? Perch\u00e9 secondo lui \u00e8 una cosa positiva?<\/li><li>Qual `e la prima parola che Arturo riesce a pronunciare? E con chi associa questa parola?<\/li><li>Chi spaventa il bambino, mentre lui e suo padre guardano da dietro il vetro il fratellino appena nato?<\/li><li>Che cosa pensano il macellaio, il gelataio e il cliente sugli omicidi di cui parlano radio e televisione? Che cosa pensa da quel momento in poi Arturo sulle cause degli omicidi della mafia?<\/li><li>Che sentimenti prova Arturo nei confronti di Flora?<\/li><li>Perch\u00e9 \u00e8 un problema per Filippo Marchese essersi innamorato? Qual \u00e8 la soluzione a questo problema?<\/li><li>Dopo che Arturo chiede a suo padre come ha fatto a sua madre la sua dichiarazione d\u2019amore, alla televisione il Presidente del Consiglio Giulio Andreotti parla della sua dichiarazione a quella che poi \u00e8 diventata sua moglie. Cosa dice?<\/li><li>Da chi si trasveste Arturo per la festa di Carnevale? Che cosa pensano i due mafiosi in macchina che lo vedono uscire dalla festa?<\/li><li>Come disobbedisce Arturo a suo padre? Andando dove?<\/li><li>Che cosa sono le Iris? Perch\u00e9 si chiamano cos\u00ec? Come finisce l\u2019uomo che ne aveva offerta una ad Arturo? Chi era quest\u2019uomo?<\/li><li>Che cosa sta succedendo di drammatico nella citt\u00e0 di Palermo?<\/li><li>Perch\u00e9 Arturo porta Flora nell\u2019appartamento in cui abitava suo nonno? Chi trovano l\u00ec?<\/li><li>Chi va a fare visita alla classe di Arturo? Che cosa annuncia? Chi vince il concorso? Perch\u00e9 viene interrotta la cerimonia di premiazione?<\/li><li>Chi va a intervistare Arturo per il giornale di Palermo? Che cosa succede a quest\u2019uomo nel 1982?<\/li><li>Come sono i funerali di Dalla Chiesa? In pompa magna? Partecipano molte persone?<\/li><li>Che cosa annuncia al cimitero Flora ad Arturo?<\/li><li>Che cosa succede al giudice Chinnici che abita nel palazzo di Flora?<\/li><li>Che cosa fecero i giudici Giovanni Falcone e Paolo Borsellino?<\/li><li>Che cosa fa Francesco, l\u2019amico giornalista, per aiutare Arturo a dimenticare Flora?<\/li><li>Che cosa succede durante la trasmissione, mentre arriva l\u2019onorevole Salvo Lima deputato della Democrazia Cristiana?<\/li><li>Che opportunit\u00e0 danno l\u2019onorevole Lima e la sua assistente Flora ad Arturo?<\/li><li>Perch\u00e9 \u00e8 un momento particolarmente importante per Salvo Lima?<\/li><li>Perch\u00e9 la mafia vuole uccidere l\u2019onorevole Lima e il giudice Falcone?<\/li><li>Chi ha invitato Arturo a cena? Le cose vanno come Arturo avrebbe voluto?<\/li><li>Che cosa succede a Salvo Lima?<\/li><li>E ai giudici Giovanni Falcone e Paolo Borsellino? Perch\u00e9 i palermitani sono furiosi? Che cosa gli impedisce la polizia?<\/li><li>Quali sono i doveri dei genitori nei confronti dei figli? Che cosa racconta Arturo al suo bambino?<\/li><\/ol>\n\n\n\n<h4 class=\"wp-block-heading\">Ricapitoliamo!<\/h4>\n\n\n\n<p><em>Completa le seguenti frasi con il gerundio composto.<\/em><\/p>\n\n\n\n<p>1.<strong><em><strong><em>_______<\/em><\/strong><\/em><\/strong> (alzarsi) molto presto, Arturo pu\u00f2 passare in pasticceria a comprare un\u2019iris per Flora.<\/p>\n\n\n\n<ol class=\"wp-block-list\" start=\"2\"><li>Il boss Tot\u00f2 Riina vuole uccidere Salvo Lima, non <strong><em><strong><em>________<\/em><\/strong><\/em><\/strong> (ricevere) al processo l\u2019aiuto che si aspettava da lui.<\/li><li><strong><em><strong><em>_________<\/em><\/strong><\/em><\/strong> (vedere lui) in televisione, Arturo sviluppa una passione per il Presidente del Consiglio Giulio Andreotti.<\/li><li><strong><em><strong><em>___________<\/em><\/strong><\/em><\/strong> (rendersi) conto che Arturo aveva ragione, Flora comincia a sentirsi pi\u00f9 vicina ad Arturo.<\/li><li><strong><em><strong><em>_<\/em><\/strong><\/em><\/strong> (vedere) Arturo molto impaurito, suo padre gli dice che la mafia uccide solo d\u2019estate.<\/li><li><strong><em><strong><em>____<\/em><\/strong><\/em><\/strong> (accorgersi) delle capacit\u00e0 di Arturo, Francesco, il giovane giornalista, fa amicizia con lui.<\/li><\/ol>\n\n\n\n<p><em>Adesso riscriviamo le frasi, sostituendo al gerundio composto il participio passato.<\/em><\/p>\n\n\n\n<p>1.<strong><em><strong><em>_______<\/em><\/strong><\/em><\/strong> (alzarsi) molto presto, Arturo pu\u00f2 passare in pasticceria a comprare un\u2019iris per Flora.<\/p>\n\n\n\n<ol class=\"wp-block-list\" start=\"2\"><li> (alzarsi) molto presto, Arturo pu\u00f2 passare in pasticceria a comprare un\u2019iris per Flora.Il boss Tot\u00f2 Riina vuole uccidere Salvo Lima, non <strong><em><strong><em>________<\/em><\/strong><\/em><\/strong> (ricevere) al processo l\u2019aiuto che si aspettava da lui.<\/li><li><strong><em><strong><em>_________<\/em><\/strong><\/em><\/strong> (vedere lui) in televisione, Arturo sviluppa una passione per il Presidente del Consiglio Giulio Andreotti.<\/li><li><strong><em><strong><em>___________<\/em><\/strong><\/em><\/strong> (rendersi) conto che Arturo aveva ragione, Flora comincia a sentirsi pi\u00f9 vicina ad Arturo.<\/li><li><strong><em><strong><em>_<\/em><\/strong><\/em><\/strong> (vedere) Arturo molto impaurito, suo padre gli dice che la mafia uccide solo d\u2019erate.<\/li><li><strong><em><strong><em>____<\/em><\/strong><\/em><\/strong> (accorgersi) delle capacit\u00e0 di Arturo, Francesco, il giovane giornalista, fa amicizia con lui.<\/li><\/ol>\n\n\n\n<h4 class=\"wp-block-heading\">Conversazione<\/h4>\n\n\n\n<p><em>Usate come base le seguenti domande.<\/em><\/p>\n\n\n\n<ol class=\"wp-block-list\"><li>Come definiresti il piccolo Arturo? E Arturo adulto? Originale? Goffo? Socievole? Capace di farsi benvolere? Indipendente? Disobbediente? Coraggioso?<\/li><li>E Flora? Come ti sembra? Ti sembra che sia interessante o insignificante? Una privilegiata? Una mente originale? O una conformista?<\/li><li>Perch\u00e9 credi che Arturo sia tanto innamorato di Flora?<\/li><li>E Palermo, come viene rappresentata nel film? Una citt\u00e0 in preda alla mafia? Una citt\u00e0 che ha il coraggio di ribellarsi al potere mafioso?<\/li><\/ol>\n\n\n\n<h4 class=\"wp-block-heading\">Un mercato storico di Palermo<\/h4>\n\n\n\n<p>Il Deputato democristiano Salvo Lima va a fare campagna elettorale in un famoso mercato di Palermo: Ballar\u00f2. A Palermo, per\u00f2 ci sono altri mercati importanti nella vita della citt\u00e0. Come si chiamano? Dove si trovano? In quale giorno della settimana e ore del giorno si tengono? Che cosa ci si vende? Cerchiamo informazioni e scriviamole in una tabella.<\/p>\n","protected":false},"excerpt":{"rendered":"<p>Film ambientati a Palermo A ciascuno il suo, regia di Elio Petri (1967) Cadaveri eccellenti, regia di Francesco Rosi (1976)<\/p>\n","protected":false},"author":2,"featured_media":0,"parent":23,"menu_order":5,"comment_status":"closed","ping_status":"closed","template":"","meta":{"footnotes":""},"class_list":["post-95","page","type-page","status-publish","hentry"],"_links":{"self":[{"href":"https:\/\/capitalitaliane.lrc.columbia.edu\/index.php?rest_route=\/wp\/v2\/pages\/95","targetHints":{"allow":["GET"]}}],"collection":[{"href":"https:\/\/capitalitaliane.lrc.columbia.edu\/index.php?rest_route=\/wp\/v2\/pages"}],"about":[{"href":"https:\/\/capitalitaliane.lrc.columbia.edu\/index.php?rest_route=\/wp\/v2\/types\/page"}],"author":[{"embeddable":true,"href":"https:\/\/capitalitaliane.lrc.columbia.edu\/index.php?rest_route=\/wp\/v2\/users\/2"}],"replies":[{"embeddable":true,"href":"https:\/\/capitalitaliane.lrc.columbia.edu\/index.php?rest_route=%2Fwp%2Fv2%2Fcomments&post=95"}],"version-history":[{"count":2,"href":"https:\/\/capitalitaliane.lrc.columbia.edu\/index.php?rest_route=\/wp\/v2\/pages\/95\/revisions"}],"predecessor-version":[{"id":177,"href":"https:\/\/capitalitaliane.lrc.columbia.edu\/index.php?rest_route=\/wp\/v2\/pages\/95\/revisions\/177"}],"up":[{"embeddable":true,"href":"https:\/\/capitalitaliane.lrc.columbia.edu\/index.php?rest_route=\/wp\/v2\/pages\/23"}],"wp:attachment":[{"href":"https:\/\/capitalitaliane.lrc.columbia.edu\/index.php?rest_route=%2Fwp%2Fv2%2Fmedia&parent=95"}],"curies":[{"name":"wp","href":"https:\/\/api.w.org\/{rel}","templated":true}]}}